{"id":20,"date":"2015-03-18T12:01:33","date_gmt":"2015-03-18T11:01:33","guid":{"rendered":"http:\/\/podcampus.phwien.ac.at\/eedu-sota15\/?page_id=20"},"modified":"2015-08-20T17:57:38","modified_gmt":"2015-08-20T16:57:38","slug":"mittwoch","status":"publish","type":"page","link":"https:\/\/podcampus.phwien.ac.at\/eedu-sota15\/mittwoch\/","title":{"rendered":"MITTWOCH"},"content":{"rendered":"<p><a href=\"http:\/\/podcampus.phwien.ac.at\/eedu-sota15\/files\/2015\/03\/building-bridges-creating-networks.png\"><img loading=\"lazy\" decoding=\"async\" class=\"alignright wp-image-59\" src=\"http:\/\/podcampus.phwien.ac.at\/eedu-sota15\/files\/2015\/03\/building-bridges-creating-networks-300x300.png\" alt=\"building-bridges-creating-networks\" width=\"200\" height=\"200\" srcset=\"https:\/\/podcampus.phwien.ac.at\/eedu-sota15\/files\/2015\/03\/building-bridges-creating-networks-300x300.png 300w, https:\/\/podcampus.phwien.ac.at\/eedu-sota15\/files\/2015\/03\/building-bridges-creating-networks-150x150.png 150w, https:\/\/podcampus.phwien.ac.at\/eedu-sota15\/files\/2015\/03\/building-bridges-creating-networks.png 500w\" sizes=\"auto, (max-width: 200px) 100vw, 200px\" \/><\/a>02.09.2015<\/p>\n<p><strong><span style=\"color: #89bc45;font-size: 1.3em\">Vielfalt des Unterrichts<br \/>\n[Marktplatz])<\/span><\/strong><\/p>\n<table>\n<tbody>\n<tr>\n<td><span style=\"color: #89bc45\">Zeit<\/span><\/td>\n<td><span style=\"color: #89bc45\">Titel | Thema<\/span><\/td>\n<\/tr>\n<tr>\n<td>09:00<\/td>\n<td>Keynote 6<br \/>\nJ\u00f6rg Hofst\u00e4tter [Ovos Media]<\/p>\n<p><span style=\"color: #89bc45;font-size: 1.1em\"><strong>\u00dcber Minecraft und andere Unterrichtsmaterialien<\/strong><br \/>\n<\/span>J\u00f6rg Hofst\u00e4tter reflektiert in seinem Vortrag \u00fcber Erfahrungen bei der Entwicklung und Anwendung von Lernspielen und gamifizierten Online-Lernplattformen f\u00fcr Sch\u00fcler\/innen. Er stellt auch eine Reihe von aktuellen digitalen Lernapplikationen aus dem internationalen Umfeld vor.<br \/>\nDazu geh\u00f6ren von Kindern programmierbare Roboter, gamifizierte Lernplattformen, MOOCS aus Harvard, 3D-Drucker und Games, die zur Vermittlung von Wissen und Kompetenzen bereits erfolgreich eingesetzt werden.<\/p>\n<p><a href=\"http:\/\/www.joerghofstaetter.com\" target=\"_blank\"><u><span style=\"color: #0066cc\">www.joerghofstaetter.com<\/span><\/u><\/a><\/p>\n<p>Twitter: @osloprinz<\/td>\n<\/tr>\n<tr>\n<td>09:30<\/td>\n<td>Speed Dating bei 20 St\u00e4nden<\/td>\n<\/tr>\n<tr>\n<td>11:00<\/td>\n<td>Pause<\/td>\n<\/tr>\n<tr>\n<td>11:30<\/td>\n<td>Schlussrunde und \u201cWerbeeinschaltungen\u201d der Teilnehmeneden<\/td>\n<\/tr>\n<tr>\n<td>12:00<\/td>\n<td>Festlicher Abschluss<br \/>\n[Open eLSA Badges, die 200. eLSA Schule wird geehrt, Tagungsband gratis und pers\u00f6nlich f\u00fcr alle, \u00dcberraschung der Sch\u00fcler\/innen der privaten NMS Zwettl ] &amp; ALLES Walzer<\/td>\n<\/tr>\n<tr>\n<td style=\"background-color: #e6f7d0\">13:00<\/td>\n<td style=\"background-color: #e6f7d0\">Ende der Veranstaltung mit kleinem Buffet<\/td>\n<\/tr>\n<\/tbody>\n<\/table>\n<p>&nbsp;<\/p>\n","protected":false},"excerpt":{"rendered":"<p>02.09.2015 Vielfalt des Unterrichts [Marktplatz]) Zeit Titel | Thema 09:00 Keynote 6 J\u00f6rg Hofst\u00e4tter [Ovos Media] \u00dcber Minecraft und andere Unterrichtsmaterialien J\u00f6rg Hofst\u00e4tter reflektiert in seinem Vortrag \u00fcber Erfahrungen bei der Entwicklung und Anwendung von Lernspielen und gamifizierten Online-Lernplattformen f\u00fcr &hellip; <a href=\"https:\/\/podcampus.phwien.ac.at\/eedu-sota15\/mittwoch\/\">Weiterlesen <span class=\"meta-nav\">&rarr;<\/span><\/a><\/p>\n","protected":false},"author":72,"featured_media":0,"parent":0,"menu_order":0,"comment_status":"closed","ping_status":"closed","template":"","meta":{"footnotes":""},"class_list":["post-20","page","type-page","status-publish","hentry"],"acf":[],"_links":{"self":[{"href":"https:\/\/podcampus.phwien.ac.at\/eedu-sota15\/wp-json\/wp\/v2\/pages\/20","targetHints":{"allow":["GET"]}}],"collection":[{"href":"https:\/\/podcampus.phwien.ac.at\/eedu-sota15\/wp-json\/wp\/v2\/pages"}],"about":[{"href":"https:\/\/podcampus.phwien.ac.at\/eedu-sota15\/wp-json\/wp\/v2\/types\/page"}],"author":[{"embeddable":true,"href":"https:\/\/podcampus.phwien.ac.at\/eedu-sota15\/wp-json\/wp\/v2\/users\/72"}],"replies":[{"embeddable":true,"href":"https:\/\/podcampus.phwien.ac.at\/eedu-sota15\/wp-json\/wp\/v2\/comments?post=20"}],"version-history":[{"count":28,"href":"https:\/\/podcampus.phwien.ac.at\/eedu-sota15\/wp-json\/wp\/v2\/pages\/20\/revisions"}],"predecessor-version":[{"id":435,"href":"https:\/\/podcampus.phwien.ac.at\/eedu-sota15\/wp-json\/wp\/v2\/pages\/20\/revisions\/435"}],"wp:attachment":[{"href":"https:\/\/podcampus.phwien.ac.at\/eedu-sota15\/wp-json\/wp\/v2\/media?parent=20"}],"curies":[{"name":"wp","href":"https:\/\/api.w.org\/{rel}","templated":true}]}}