{"id":56,"date":"2015-03-21T11:24:26","date_gmt":"2015-03-21T10:24:26","guid":{"rendered":"http:\/\/podcampus.phwien.ac.at\/eedu-sota15\/?page_id=56"},"modified":"2015-09-01T06:58:53","modified_gmt":"2015-09-01T05:58:53","slug":"montag","status":"publish","type":"page","link":"https:\/\/podcampus.phwien.ac.at\/eedu-sota15\/montag\/","title":{"rendered":"MONTAG"},"content":{"rendered":"<p><strong><em><a href=\"http:\/\/podcampus.phwien.ac.at\/eedu-sota15\/files\/2015\/03\/building-bridges-creating-networks.png\"><img loading=\"lazy\" decoding=\"async\" class=\"alignright wp-image-59\" src=\"http:\/\/podcampus.phwien.ac.at\/eedu-sota15\/files\/2015\/03\/building-bridges-creating-networks-300x300.png\" alt=\"building-bridges-creating-networks\" width=\"200\" height=\"200\" srcset=\"https:\/\/podcampus.phwien.ac.at\/eedu-sota15\/files\/2015\/03\/building-bridges-creating-networks-300x300.png 300w, https:\/\/podcampus.phwien.ac.at\/eedu-sota15\/files\/2015\/03\/building-bridges-creating-networks-150x150.png 150w, https:\/\/podcampus.phwien.ac.at\/eedu-sota15\/files\/2015\/03\/building-bridges-creating-networks.png 500w\" sizes=\"auto, (max-width: 200px) 100vw, 200px\" \/><\/a><\/em><\/strong><strong>31.08.2015 <\/strong><\/p>\n<p><strong><span style=\"color: #89bc45;font-size: 1.3em\">Vielfalt in der Gesellschaft<\/span><\/strong><\/p>\n<p><strong>Informati<\/strong><strong>onsgesellschaft<\/strong><strong> im<\/strong><strong> Wan<\/strong><strong>del | <\/strong><strong>Aufbruch in der Schule<\/strong><\/p>\n<table>\n<tbody>\n<tr>\n<td><span style=\"color: #89bc45\">Zeit<\/span><\/td>\n<td><span style=\"color: #89bc45\">Titel | Thema<\/span><\/td>\n<td><\/td>\n<\/tr>\n<tr>\n<td style=\"text-align: left\"><span style=\"color: #89bc45\">\u00a0<\/span><\/td>\n<td colspan=\"2\"><span style=\"color: #89bc45\"><span style=\"color: #000000\">Wir freuen uns,\u00a0<\/span><br \/>\nFrau <strong>Gabriele Heinisch-Hosek<\/strong> [Bundesministerin f\u00fcr Bildung und Frauen]<br \/>\n<span style=\"color: #000000\">bei unserer Tagung begr\u00fc\u00dfen zu d\u00fcrfen.\u00a0<\/span><\/span><\/td>\n<\/tr>\n<tr>\n<td>09:00<\/td>\n<td>Registrierung<\/td>\n<td><\/td>\n<\/tr>\n<tr>\n<td>11:30<\/td>\n<td>\n<p>Empfang der Teilnehmerinnen und Teilnehmer<\/p>\n<p>Smalltalk bei Kaffee<\/td>\n<td><\/td>\n<\/tr>\n<tr>\n<td style=\"background-color: #e6f7d0\">12:00<\/td>\n<td style=\"background-color: #e6f7d0\">Er\u00f6ffnung der Tagung Begr\u00fc\u00dfung der Ehreng\u00e4ste<\/td>\n<td style=\"background-color: #e6f7d0\">Barbara Buchegger [Moderation]<\/td>\n<\/tr>\n<tr>\n<td>12:30<\/td>\n<td>Keynote 1<br \/>\n<span style=\"color: #89bc45;font-size: 1.1em\"><strong>Vom Handy versklavt, von E-Mails getrieben?<br \/>\n<\/strong><\/span>Die Digital-Therapie f\u00fcr mehr Arbeitsspa\u00df, Erfolg und Lebenszeit<\/p>\n<p><a href=\"http:\/\/www.anitra-eggler.com\/\" target=\"_blank\">www.anitra-eggler.com\/<\/a><\/td>\n<td>Anitra EGGLER<br \/>\n[Digital-Therapeutin aus Liebe zum Web]<\/td>\n<\/tr>\n<tr>\n<td>13:15<\/td>\n<td>Keynote 2<br \/>\n<strong><span style=\"color: #89bc45;font-size: 1.1em\">Kultur und Diversit\u00e4t in einer Digitalen Welt<br \/>\n<\/span><\/strong>Im Gegensatz zu der oft ge\u00e4u\u00dferten Hoffnung, dass die Ausbreitung der Moderne die Menschen n\u00e4her zusammenbringen und widerspr\u00fcchliche Identit\u00e4ten in den Hintergrund dr\u00e4ngen w\u00fcrde, hat sich in den letzten beiden Jahrhunderten das Gegenteil als wahr herausgestellt. Je mehr sich Alphabetisierung und der Zugang zu Wissen ausbreiteten, umso mehr versch\u00e4rften sich Identit\u00e4tskonflikte auf ideologischer und emotionaler Basis. Nicht ohne Grund sprechen wir vom 20. Jahrhundert als dem Zeitalter der Massenbewegungen. Die Rolle der neuen Medien und der wachsende Einfluss der Technologie haben diese Konflikte neu akzentuiert, aber nicht \u00fcberwunden. Diese Entwicklungen und wie diese in der menschlichen Natur verankert sind bilden das Kernthema des Vortrages.<\/p>\n<p><a title=\"www.ralphschoellhammer.com\" href=\"http:\/\/www.ralphschoellhammer.com\" target=\"_blank\">www.ralph<br \/>\nschoellhammer.com<\/a><\/td>\n<td>Ralph G. SCH\u00d6LLHAMMER<br \/>\n[Donau Uni Krems;<br \/>\nWebster Universit\u00e4t]<\/td>\n<\/tr>\n<tr>\n<td style=\"background-color: #e6f7d0\">13:45<\/td>\n<td style=\"background-color: #e6f7d0\">Mittagspause<\/td>\n<td style=\"background-color: #e6f7d0\"><\/td>\n<\/tr>\n<tr>\n<td>14:45<\/td>\n<td>Keynote 3<br \/>\n<strong><span style=\"color: #89bc45;font-size: 1.1em\">Diversit\u00e4t als Chance und Herausforderung in pers\u00f6nlichen und beruflichen Netzwerken<br \/>\n<\/span><\/strong>Gleich und Gleich gesellt sich zwar gerne, diese Gleichheit in pers\u00f6nlichen und beruflichen Netzwerken limitiert jedoch auch unsere Informationzug\u00e4nge und Handlungsspielr\u00e4ume. Unterschiedliche Menschen haben dagegen unterschiedliches Wissen und unterschiedliche Netzwerke. Menschen, die \u00fcber Vielfalt in ihrem pers\u00f6nlichen und privaten Kontakten verf\u00fcgen, sind daher in der Regel auch erfolgreicher.<\/p>\n<p><a href=\"http:\/\/www.pfeffer.at\/\" target=\"_blank\">www.pfeffer.at<\/a><\/td>\n<td>J\u00fcrgen PFEFFER<br \/>\n[Carnegie Mellon University, Pittsburgh &#8211; Liveschaltung]<\/td>\n<\/tr>\n<tr>\n<td>15:15<\/td>\n<td>Keynote 4<br \/>\n<strong><span style=\"color: #89bc45;font-size: 1.1em\">Taking Jihad Offline<br \/>\n<\/span><\/strong>Internetmedien sind zu einem wichtigen Medium der Radikalisierung in die\u00a0\u00a0Gewalt hinein geworden \u2013 besonders von Dschihadisten.<br \/>\nAuf welche Weise\u00a0\u00a0l\u00e4sst sich dem durch Internetkampagnen entgegenwirken? Wie l\u00e4sst sich das\u00a0\u00a0schulisch umsetzen?<br \/>\nAktuelle Projekte zeigen dies.<\/p>\n<p><a href=\"http:\/\/univie.academia.edu\/R\u00fcdigerLohlker\" target=\"_blank\">http:\/\/univie.academia.edu<br \/>\n\/R\u00fcdigerLohlker<\/a><\/td>\n<td>R\u00fcdiger LOHLKER<br \/>\n[Islamistik]<\/td>\n<\/tr>\n<tr>\n<td>15:45<\/td>\n<td>\n<p>Round Table &#8222;Wie verf\u00fchrerisch sind soziale Medien?&#8220;<\/p>\n<p>Moderation: \u00a0Barbara Wimmer [Futurezone]<\/td>\n<td>Barbara Buchegger [Safer Internet]<br \/>\nLukas Faymann [Bundesschulsprecher, dzt. Zivildienst]<br \/>\nR\u00fcdiger Lohlker<br \/>\n[Uni Wien]<br \/>\nKonrad Mitschka<br \/>\n[ORF-Public Value]<br \/>\nRalph G. Sch\u00f6llhammer [Webster Universit\u00e4t]<br \/>\nLarisa Stanescu [Bloggerin]<\/td>\n<\/tr>\n<tr>\n<td>16:40<\/td>\n<td>Pause<\/td>\n<td><\/td>\n<\/tr>\n<tr>\n<td>17:00<\/td>\n<td>Open Space und Ideenfindung<\/td>\n<td><\/td>\n<\/tr>\n<tr>\n<td>18:00<\/td>\n<td>Ende<strong>\u00a0<\/strong><\/td>\n<td><\/td>\n<\/tr>\n<tr>\n<td style=\"background-color: #e6f7d0\">19:30<\/td>\n<td style=\"background-color: #e6f7d0\">Empfang, Zertifizierungsfeier und festliches Abendessen beim B\u00fcrgermeister im Rathaus<\/td>\n<td style=\"background-color: #e6f7d0\"><\/td>\n<\/tr>\n<\/tbody>\n<\/table>\n<p>&nbsp;<\/p>\n","protected":false},"excerpt":{"rendered":"<p>31.08.2015 Vielfalt in der Gesellschaft Informationsgesellschaft im Wandel | Aufbruch in der Schule Zeit Titel | Thema \u00a0 Wir freuen uns,\u00a0 Frau Gabriele Heinisch-Hosek [Bundesministerin f\u00fcr Bildung und Frauen] bei unserer Tagung begr\u00fc\u00dfen zu d\u00fcrfen.\u00a0 09:00 Registrierung 11:30 Empfang der &hellip; <a href=\"https:\/\/podcampus.phwien.ac.at\/eedu-sota15\/montag\/\">Weiterlesen <span class=\"meta-nav\">&rarr;<\/span><\/a><\/p>\n","protected":false},"author":72,"featured_media":0,"parent":0,"menu_order":0,"comment_status":"closed","ping_status":"closed","template":"","meta":{"footnotes":""},"class_list":["post-56","page","type-page","status-publish","hentry"],"acf":[],"_links":{"self":[{"href":"https:\/\/podcampus.phwien.ac.at\/eedu-sota15\/wp-json\/wp\/v2\/pages\/56","targetHints":{"allow":["GET"]}}],"collection":[{"href":"https:\/\/podcampus.phwien.ac.at\/eedu-sota15\/wp-json\/wp\/v2\/pages"}],"about":[{"href":"https:\/\/podcampus.phwien.ac.at\/eedu-sota15\/wp-json\/wp\/v2\/types\/page"}],"author":[{"embeddable":true,"href":"https:\/\/podcampus.phwien.ac.at\/eedu-sota15\/wp-json\/wp\/v2\/users\/72"}],"replies":[{"embeddable":true,"href":"https:\/\/podcampus.phwien.ac.at\/eedu-sota15\/wp-json\/wp\/v2\/comments?post=56"}],"version-history":[{"count":149,"href":"https:\/\/podcampus.phwien.ac.at\/eedu-sota15\/wp-json\/wp\/v2\/pages\/56\/revisions"}],"predecessor-version":[{"id":468,"href":"https:\/\/podcampus.phwien.ac.at\/eedu-sota15\/wp-json\/wp\/v2\/pages\/56\/revisions\/468"}],"wp:attachment":[{"href":"https:\/\/podcampus.phwien.ac.at\/eedu-sota15\/wp-json\/wp\/v2\/media?parent=56"}],"curies":[{"name":"wp","href":"https:\/\/api.w.org\/{rel}","templated":true}]}}