{"id":12,"date":"2015-01-14T15:38:28","date_gmt":"2015-01-14T15:38:28","guid":{"rendered":"http:\/\/podcampus.phwien.ac.at\/itatvs\/?page_id=12"},"modified":"2016-08-02T08:06:18","modified_gmt":"2016-08-02T08:06:18","slug":"impressum","status":"publish","type":"page","link":"https:\/\/podcampus.phwien.ac.at\/itatvs\/ueber-uns\/impressum","title":{"rendered":"Impressum"},"content":{"rendered":"<p>Dies ist die offizielle Webseite des bm:bf-Projektes IT@VS.<\/p>\n<p>F\u00fcr den Inhalt der Seiten verantwortlich sind die IT@VS-Bundeskoordinatorinnen Ursula Fleischmann (Mulley) und Barbara Zuliani, sowie der IT@VS-Koordinator f\u00fcr die P\u00e4dagogischen Hochschulen, Martin Klein.<\/p>\n<p>Grafikdesign Folder und entnommene Bilder: Wolfgang &#8222;Wuli&#8220; Pawlat<br \/>\nWebdesign: \u00a0Monika Andergassen<\/p>\n<p><em>F\u00fcr den Service verantwortlich:<\/em><br \/>\n<em> P\u00e4dagogische Hochschule Wien<\/em><br \/>\n<em> Zentrum f\u00fcr Lerntechnologie und Innovation (ZLI) und\u00a0<\/em><em>Zentraler Informatik-Dienst (ZID)<\/em><br \/>\n<em> E-Mail: zli(at)phwien.ac.at<\/em><br \/>\n<em> Web: <a href=\"http:\/\/www.phwien.ac.at\/\" target=\"_blank\">http:\/\/www.phwien.ac.at\/<\/a><\/em><br \/>\n<em> A-1100 Wien, Grenzackerstr. 18<\/em><\/p>\n","protected":false},"excerpt":{"rendered":"<p>Dies ist die offizielle Webseite des bm:bf-Projektes IT@VS. F\u00fcr den Inhalt der Seiten verantwortlich sind die IT@VS-Bundeskoordinatorinnen Ursula Fleischmann (Mulley) und Barbara Zuliani, sowie der IT@VS-Koordinator f\u00fcr die P\u00e4dagogischen Hochschulen, Martin Klein. Grafikdesign Folder und entnommene Bilder: Wolfgang &#8222;Wuli&#8220; Pawlat Webdesign: \u00a0Monika Andergassen F\u00fcr den Service verantwortlich: P\u00e4dagogische Hochschule Wien Zentrum f\u00fcr Lerntechnologie und Innovation <a class=\"more-link excerpt-link\" href=\"https:\/\/podcampus.phwien.ac.at\/itatvs\/ueber-uns\/impressum\">Weiterlesen<span class=\"glyphicon glyphicon-chevron-right\"><\/span><\/a><\/p>\n","protected":false},"author":4,"featured_media":0,"parent":10,"menu_order":0,"comment_status":"closed","ping_status":"closed","template":"","meta":{"footnotes":""},"class_list":["post-12","page","type-page","status-publish","hentry"],"acf":[],"_links":{"self":[{"href":"https:\/\/podcampus.phwien.ac.at\/itatvs\/wp-json\/wp\/v2\/pages\/12","targetHints":{"allow":["GET"]}}],"collection":[{"href":"https:\/\/podcampus.phwien.ac.at\/itatvs\/wp-json\/wp\/v2\/pages"}],"about":[{"href":"https:\/\/podcampus.phwien.ac.at\/itatvs\/wp-json\/wp\/v2\/types\/page"}],"author":[{"embeddable":true,"href":"https:\/\/podcampus.phwien.ac.at\/itatvs\/wp-json\/wp\/v2\/users\/4"}],"replies":[{"embeddable":true,"href":"https:\/\/podcampus.phwien.ac.at\/itatvs\/wp-json\/wp\/v2\/comments?post=12"}],"version-history":[{"count":10,"href":"https:\/\/podcampus.phwien.ac.at\/itatvs\/wp-json\/wp\/v2\/pages\/12\/revisions"}],"predecessor-version":[{"id":1086,"href":"https:\/\/podcampus.phwien.ac.at\/itatvs\/wp-json\/wp\/v2\/pages\/12\/revisions\/1086"}],"up":[{"embeddable":true,"href":"https:\/\/podcampus.phwien.ac.at\/itatvs\/wp-json\/wp\/v2\/pages\/10"}],"wp:attachment":[{"href":"https:\/\/podcampus.phwien.ac.at\/itatvs\/wp-json\/wp\/v2\/media?parent=12"}],"curies":[{"name":"wp","href":"https:\/\/api.w.org\/{rel}","templated":true}]}}