{"id":15,"date":"2015-01-14T15:41:55","date_gmt":"2015-01-14T15:41:55","guid":{"rendered":"http:\/\/podcampus.phwien.ac.at\/itatvs\/?page_id=15"},"modified":"2016-08-02T08:04:02","modified_gmt":"2016-08-02T08:04:02","slug":"team","status":"publish","type":"page","link":"https:\/\/podcampus.phwien.ac.at\/itatvs\/ueber-uns\/team","title":{"rendered":"Team"},"content":{"rendered":"<h3>Martin Klein, MEd<\/h3>\n<p><a href=\"http:\/\/podcampus.phwien.ac.at\/itatvs\/files\/2015\/01\/martin-klein-110x150.jpg\"><img loading=\"lazy\" decoding=\"async\" class=\"alignleft wp-image-962 size-thumbnail\" src=\"http:\/\/podcampus.phwien.ac.at\/itatvs\/files\/2015\/01\/martin-klein-110x150-110x150.jpg\" alt=\"martin-klein-110x150\" width=\"110\" height=\"150\" \/><\/a>Martin Klein ist Volksschullehrer in Wien.<\/p>\n<p>Von 2008 \u2013 2012 absolvierte er an der P\u00e4dagogischen Hochschule Wien den Masterlehrgang Europ\u00e4isches Bildungsmanagement. Seine Abschlussarbeit schrieb er zum Thema \u201eDas iPad in der Volksschule \u2026 ein Lernmedium mit Potenzial?\u201c.<\/p>\n<p>Seit September 2013 ist Martin Klein mitverwendeter Mitarbeiter an der PH Wien im Bereich Fortbildung Fremdsprachen Primarstufe. Seit September 2015 ist er auch am ZLI der PH Wien t\u00e4tig. Dort unterst\u00fctzt er das Team im Primarbereich. Zus\u00e4tzlich hilft er beim Aufbau einer PH-\u00fcbergreifenden Zusammenarbeit von IT im Volksschulbereich.<\/p>\n<p><strong>Kontakt:<\/strong> <a href=\"ma&#105;&#108;&#116;&#x6f;&#x3a;&#x6d;&#x61;&#x72;ti&#110;&#46;&#107;&#x6c;&#x65;&#x69;&#x6e;&#x40;ph&#119;&#105;&#101;&#x6e;&#x2e;&#x61;&#x63;&#x2e;at\">martin.klein(at)phwien.ac.at<\/a><\/p>\n<h3>Dipl. P\u00e4d. Ursula Fleischmann (Mulley), MA<\/h3>\n<p><a href=\"http:\/\/podcampus.phwien.ac.at\/itatvs\/files\/2015\/01\/Brun3B3447.jpg\"><img loading=\"lazy\" decoding=\"async\" class=\"alignleft wp-image-88 size-full\" src=\"http:\/\/podcampus.phwien.ac.at\/itatvs\/files\/2015\/01\/Brun3B3447-e1454071908404.jpg\" alt=\"Brun3B3447\" width=\"110\" height=\"150\" \/><\/a>Lehrerin f\u00fcr Deutsch als Zweitsprache; Studium \u201eeEducation\u201c Donau-Universit\u00e4t Krems;\u00a0 Doktoratsstudium Universit\u00e4t Wien, Deutsche Philologie, Fachbereich Deutsch als Zweitsprache bei Univ.- Prof. Inci Dirim; Beauftragte des bmbf als Bundeskoordinatorin f\u00fcr das IT@VS-Netzwerk; Beauftragte des Stadtschulrats f\u00fcr das KidSmart-Projekt f\u00fcr Vorschulklassen; Mitarbeit an der KPH Wien\/Krems: Erstellung einer digitalen Anlauttastatur; Mitarbeit \u00d6SZ; Buchautorin, Vortr\u00e4ge &amp; Publikationen im Bereich: Einsatz von digitalen Medien und Mehrsprachigkeit in der Volksschule<\/p>\n<p><strong>Kontakt:<\/strong> <a href=\"&#109;&#x61;&#105;&#x6c;&#116;&#x6f;&#58;&#x75;&#115;&#x63;&#104;&#x69;&#46;&#x66;l&#x65;i&#x73;c&#x68;m&#x61;n&#110;&#x40;&#65;&#x31;&#46;&#x6e;&#101;&#x74;\">usc&#104;&#105;&#46;&#x66;&#x6c;&#x65;&#x69;&#x73;&#x63;hma&#110;&#110;&#64;&#65;&#x31;&#x2e;&#x6e;&#x65;&#x74;<\/a><\/p>\n<p><strong>E-Portfolio: <a href=\"http:\/\/www.mahara.at\/user\/fleischmann\/ueber-mich\">http:\/\/www.mahara.at\/user\/fleischmann\/ueber-mich<\/a><\/strong><\/p>\n<p><strong>Blog: <a href=\"http:\/\/medialflash.blogspot.co.at\/\">http:\/\/medialflash.blogspot.co.at\/<\/a><\/strong><\/p>\n<h3>Mag. Martin Sankofi, MSc<\/h3>\n<p><a href=\"http:\/\/podcampus.phwien.ac.at\/itatvs\/files\/2015\/01\/Martin-Sankofi-110x150.jpg\"><img loading=\"lazy\" decoding=\"async\" class=\"alignleft wp-image-961 size-thumbnail\" src=\"http:\/\/podcampus.phwien.ac.at\/itatvs\/files\/2015\/01\/Martin-Sankofi-110x150-110x150.jpg\" alt=\"Martin Sankofi 110x150\" width=\"110\" height=\"150\" \/><\/a>\u00a0Martin Sankofi ist Lehrer f\u00fcr Englisch und Spanisch im BMHS Bereich in Wien und war vor seiner R\u00fcckkehr nach Wien bis 2014 am \u00f6sterreichischen St. Georgs Kolleg in Istanbul t\u00e4tig.<\/p>\n<p>Von 2005 \u2013 2007 absolvierte er an der Donauuniversit\u00e4t Krems den Master Lehrgang e-learning\/ e-teaching. Seine Abschlussarbeit schrieb er zum Thema Blended Learning Modelle in der Fremdsprachenlehrer Ausbildung. Martin Sankofi war unter anderem als Online Tutor f\u00fcr verschiedene Firmen und Organisationen t\u00e4tig.<\/p>\n<p>Seit September 2015 ist Martin Sankofi am ZLI der PH Wien t\u00e4tig und besch\u00e4ftigt sich dort unter anderem mit der internen Weiterbildung und arbeitet am IT@VS Netzwerk mit.<\/p>\n<p><strong>Kontakt: <\/strong><a href=\"&#x6d;&#x61;&#x69;&#x6c;&#x74;&#111;&#58;&#109;&#97;rti&#x6e;&#x2e;&#x73;&#x61;&#x6e;&#x6b;&#111;&#102;&#105;&#64;ph&#x77;&#x69;&#x65;&#x6e;&#x2e;&#x61;&#99;&#46;&#97;&#116;\">martin.sankofi(at)phwien.ac.at<\/a><\/p>\n<div class=\"entry-content\">\n<h3>Dipl. P\u00e4d. Barbara Zuliani, MEd<\/h3>\n<p><a href=\"http:\/\/podcampus.phwien.ac.at\/itatvs\/files\/2015\/01\/Suko-315-Kopie.jpg\"><img loading=\"lazy\" decoding=\"async\" class=\"alignleft wp-image-127 size-full\" src=\"http:\/\/podcampus.phwien.ac.at\/itatvs\/files\/2015\/01\/Suko-315-Kopie-e1454071692356.jpg\" alt=\"Suko-315 Kopie\" width=\"110\" height=\"150\" \/><\/a>Klassenf\u00fchrende Volksschullehrerin in Wien, arbeitet mit einem \u201e1:1 iPad Concept\u201c in ihrer Klasse, Master of Education &#8211; Europ\u00e4isches Bildungsmanagement (Schwerpunkt: Medienbildung), Beauftragte des bmbf als Bundeskoordinatorin f\u00fcr das \u201eIT@VS\u201c-Netzwerk, Apple Distinguished Educator, Forschungsarbeiten, Publikationen und Vortr\u00e4ge zum Thema: Der Einsatz des iPads in der Volksschule<\/p>\n<p>&nbsp;<\/p>\n<p><strong>Kontakt: <\/strong><a title=\"Barbara Zuliani\" href=\"mai&#108;&#116;&#111;&#x3a;&#x62;&#x61;&#x72;&#x62;&#x61;ra&#46;&#122;&#117;&#108;&#105;&#x61;&#x6e;&#x69;&#x40;&#x69;&#x63;lou&#100;&#46;&#99;&#x6f;&#x6d;\" target=\"_blank\">&#98;a&#x72;b&#x61;r&#x61;&#46;&#x7a;u&#x6c;i&#x61;&#110;&#x69;&#64;&#x69;&#99;&#x6c;&#111;&#x75;&#100;&#x2e;&#99;&#x6f;&#109;<\/a><\/p>\n<p><strong>Blog:<\/strong> <a title=\"www.teachdifferent.at\" href=\"http:\/\/teachdifferent.at\" target=\"_blank\">www.teachdifferent.at<\/a><\/p>\n<\/div>\n","protected":false},"excerpt":{"rendered":"<p>Martin Klein, MEd Martin Klein ist Volksschullehrer in Wien. Von 2008 \u2013 2012 absolvierte er an der P\u00e4dagogischen Hochschule Wien den Masterlehrgang Europ\u00e4isches Bildungsmanagement. Seine Abschlussarbeit schrieb er zum Thema \u201eDas iPad in der Volksschule \u2026 ein Lernmedium mit Potenzial?\u201c. Seit September 2013 ist Martin Klein mitverwendeter Mitarbeiter an der PH Wien im Bereich Fortbildung <a class=\"more-link excerpt-link\" href=\"https:\/\/podcampus.phwien.ac.at\/itatvs\/ueber-uns\/team\">Weiterlesen<span class=\"glyphicon glyphicon-chevron-right\"><\/span><\/a><\/p>\n","protected":false},"author":4,"featured_media":0,"parent":10,"menu_order":0,"comment_status":"closed","ping_status":"open","template":"","meta":{"footnotes":""},"class_list":["post-15","page","type-page","status-publish","hentry"],"acf":[],"_links":{"self":[{"href":"https:\/\/podcampus.phwien.ac.at\/itatvs\/wp-json\/wp\/v2\/pages\/15","targetHints":{"allow":["GET"]}}],"collection":[{"href":"https:\/\/podcampus.phwien.ac.at\/itatvs\/wp-json\/wp\/v2\/pages"}],"about":[{"href":"https:\/\/podcampus.phwien.ac.at\/itatvs\/wp-json\/wp\/v2\/types\/page"}],"author":[{"embeddable":true,"href":"https:\/\/podcampus.phwien.ac.at\/itatvs\/wp-json\/wp\/v2\/users\/4"}],"replies":[{"embeddable":true,"href":"https:\/\/podcampus.phwien.ac.at\/itatvs\/wp-json\/wp\/v2\/comments?post=15"}],"version-history":[{"count":31,"href":"https:\/\/podcampus.phwien.ac.at\/itatvs\/wp-json\/wp\/v2\/pages\/15\/revisions"}],"predecessor-version":[{"id":1085,"href":"https:\/\/podcampus.phwien.ac.at\/itatvs\/wp-json\/wp\/v2\/pages\/15\/revisions\/1085"}],"up":[{"embeddable":true,"href":"https:\/\/podcampus.phwien.ac.at\/itatvs\/wp-json\/wp\/v2\/pages\/10"}],"wp:attachment":[{"href":"https:\/\/podcampus.phwien.ac.at\/itatvs\/wp-json\/wp\/v2\/media?parent=15"}],"curies":[{"name":"wp","href":"https:\/\/api.w.org\/{rel}","templated":true}]}}