{"id":32,"date":"2015-02-10T09:20:30","date_gmt":"2015-02-10T09:20:30","guid":{"rendered":"http:\/\/podcampus.phwien.ac.at\/itatvs\/?page_id=32"},"modified":"2015-02-23T10:45:53","modified_gmt":"2015-02-23T10:45:53","slug":"publikationen","status":"publish","type":"page","link":"https:\/\/podcampus.phwien.ac.at\/itatvs\/publikationen","title":{"rendered":"Publikationen"},"content":{"rendered":"<p>BITCOM. (2014). Sieben gute Gr\u00fcnde f\u00fcr mobiles Lernen. Whitepaper des BITKOM-Arbeitskreises Learning Solutions. http:\/\/www.bitkom.org\/de\/themen\/54629_78512.aspx. Accessed: 2015-02-23. (Archived by WebCite<sup>\u00ae<\/sup> at<a href=\"http:\/\/www.webcitation.org\/6WYOwvtps\"> http:\/\/www.webcitation.org\/6WYOwvtps<\/a>)<\/p>\n<p>bm:ukk. (2012). Medienbildung Grundsatzerlass. URL:http:\/\/www.bmukk.gv.at\/medienpool\/5796\/medienerziehung.pdf. Accessed: 2013-11-10. (Archived by WebCite\u00ae at <a href=\"http:\/\/www.webcitation.org\/6L1o0yoze\">http:\/\/www.webcitation.org\/6L1o0yoze<\/a>)<\/p>\n<p>Blaschitz, E., Brandhofer, G., Nosko, C. &amp; Schwed, G. (Hrsg.). Zukunft des Lernens-Wie digitale Schule, Aus- und Weiterbildung ver\u00e4ndern. Gl\u00fccksstadt: Werner H\u00fclsbusch<\/p>\n<p>Breiter, A., Aufenanger, S., Averbeck, I., Welling, S. &amp; Wedjelek, M. (2013). Medienintegration in Grundschulen. Untersuchung der F\u00f6rderung von Medienkompetenz und der unterrichtlichen Mediennutzung in Grundschulen sowie ihrer Rahmenbedingungen in Nordrhein-Westfalen. Schriftenreihe Medienforschung der Landesanstalt f\u00fcr Medien Nordrhein-Westfalen (Bd. 73). Berlin: VISTAS<\/p>\n<p>Buchegger, B., Narosy, T. &amp; Stemmer, H. (2009). eLearning bringt`s!. In: Erziehung &amp; Unterricht- \u00d6sterreichische P\u00e4dagogische Zeitschrift (7-8\/2009, 159. Jahrgang) (S. 727-733)<\/p>\n<p>Desalla, M. (2011). Zehn-Finger-Schreiben Kinderleicht! Ab der 1. Schulstufe. Lienz: Lehrmittel Desalla (Erstlese-Fibel und Tastaturtrainingsprogramm erh\u00e4ltlich \u00fcber die Schulbuchaktion)<\/p>\n<p>digi.komp4. (2013a). Projektkoordination Volksschule: Dieter Langgner, P\u00e4dagogische Hochschule Graz.<br \/>\nURL:http:\/\/www.digikomp.at\/mod\/page\/view.php?id=29764. Accessed: 2013-06-10. (Archived by WebCite\u00ae at <a href=\"http:\/\/www.webcitation.org\/6HGmkQ42u\">http:\/\/www.webcitation.org\/6HGmkQ42u<\/a>)<\/p>\n<p>digi.komp4. (2013b). Digitales Kompetenzmodell.<br \/>\nURL:http:\/\/www.edugroup.at\/praxis\/portale\/digitale-kompetenzen\/digikomp4-volksschule\/kompetenzmodell.html. Accessed: 2013-11-10. (Archived by WebCite\u00ae at <a href=\"http:\/\/www.webcitation.org\/6L1xwTbkP\">http:\/\/www.webcitation.org\/6L1xwTbkP<\/a>)<\/p>\n<p>DIVSI-Studie. (2014). U25-Studie. URL:https:\/\/www.divsi.de\/publikationen\/studien\/divsi-u25-studie-kinder-jugendliche-und-junge-erwachsene-in-der-digitalen-welt\/1-einfuehrung-3\/. Accessed: 2014-03-21. (Archived by WebCite\u00ae at<a href=\"\/\/www.webcitation.org\/6OEzARLxX\"> http:\/\/www.webcitation.org\/6OEzARLxX<\/a>)<\/p>\n<p>EU. (2003). EU-Aktionsplan F\u00f6rderung des Sprachenlernens und der Sprachenvielfalt 2004-2006. URL:http:\/\/eur-lex.europa.eu\/LexUriServ\/LexUriServ.do?<br \/>\nuri=COM:2003:0449:FIN:DE:PDF. Accessed: 2014-05-05. (Archived by WebCite\u00ae at <a href=\"http:\/\/www.webcitation.org\/6PLnbigyG\">http:\/\/www.webcitation.org\/6PLnbigyG<\/a>)<\/p>\n<p>Europ\u00e4ische Kommission (2013a). EU-Kommission will mit Initiative \u201eDie Bildung \u00f6ffnen\u201c digitale Kompetenz in Schulen f\u00f6rdern. EU-Aktuell. (25.9.2013).<br \/>\nURL:http:\/\/ec.europa.eu\/deutschland\/press\/pr_releases\/11692_de.htm. Accessed: 2014-01-10. (Archived by WebCite\u00ae at <a href=\"http:\/\/www.webcitation.org\/6MWx91ilO\">http:\/\/www.webcitation.org\/6MWx91ilO<\/a>)<\/p>\n<p>Europ\u00e4ische Kommission (2013b). Internet use and skills.URL:https:\/\/ec.europa.eu\/digitalagenda\/sites\/digitalagenda\/files\/DAE%20SCOREBOARD%202013%20-%203-<br \/>\nINTERNET%20USE%20AND%20SKILLS.pdf. Accessed: 2014-01-10. (Archived by WebCite\u00ae at <a href=\"http:\/\/www.webcitation.org\/6MWXtS0BO\">http:\/\/www.webcitation.org\/6MWXtS0BO<\/a>)<\/p>\n<p>Europ\u00e4ische Kommission (2014). EU-Fortschrittsanzeiger 2014: Ergebnisse der Digitalen Agenda. Pressemitteilung. URL:http:\/\/europa.eu\/rapid\/press-release_IP-14-609_de.htm. Accessed: 2014-05-31. (Archived by WebCite\u00ae at<a href=\"\/\/www.webcitation.org\/6PyjiAba2\"> http:\/\/www.webcitation.org\/6PyjiAba2<\/a>)<\/p>\n<p>European Schoolnet (2012). Survey of Schools: ICT in Education- Country Profile: Austria. URL:https:\/\/ec.europa.eu\/digital-agenda\/sites\/digital-agenda\/files\/Austria%20country%20profile.pdf. Accessed: 2013-12-28. (Archived by WebCite\u00ae at <a href=\"http:\/\/www.webcitation.org\/6MCr64KkE\">http:\/\/www.webcitation.org\/6MCr64KkE<\/a>)<\/p>\n<p>Hattie, J. (2013). Lernen sichtbar machen: \u00dcberarbeitete deutschsprachige Version von \u201eVisible Learning\u201c besorgt von W. Beywl &amp; K. Zierer. Hohengehren: Schneider<\/p>\n<p>Khan, S. (2013). Die Khan-Academy. Die Revolution f\u00fcr die Schule von Morgen. M\u00fcnchen: Riemann<\/p>\n<p>KIM-Studie. (2012). KIM-Studie 2012. URL:http:\/\/www.mpfs.de\/index.php?id=548. Accessed: 2013-06-10. (Archived by WebCite\u00ae at <a href=\"http:\/\/www.webcitation.org\/6HGpcgupQ\" target=\"_blank\">http:\/\/www.webcitation.org\/6HGpcgupQ<\/a>)<\/p>\n<p>IP Kinderstudie. (2014). Kinderstudie IP \u00d6sterreich 2013. URL:http:\/\/www.ip-oesterreich.at\/assets\/Events\/Kinderwelten\/KiWe2014\/Kinderwelten-Prsentation-Walter-Zinggl.pdf. Accessed: 2014-07-17. (Archived by WebCite\u00ae at <a href=\"http:\/\/www.webcitation.org\/6R8iIWOMg\" target=\"_blank\">http:\/\/www.webcitation.org\/6R8iIWOMg<\/a>)<\/p>\n<p>Kochan, B. &amp; Schr\u00f6ter, E. (2005). Wie Kinder mit dem Computer Texte verfassen und dabei schreiben und lesen lernen k\u00f6nnen. Beitrag zur Mai-Nr. 2005 der Fachzeitschrift \u201e4 bis 8\u201c (Schweiz) http:\/\/www.redaktion.tu-berlin.de\/fileadmin\/fg139\/Texte\/<br \/>\nVeroeffentlichungen_CLW\/Am_Computer_Lesen_und_Schreiben_lernen.pdf.<br \/>\nAccessed: 2012-10-24. (Archived by WebCite\u00ae at <a href=\"http:\/\/www.webcitation.org\/6BeqvUVcQ\" target=\"_blank\">http:\/\/www.webcitation.org\/6BeqvUVcQ<\/a>)<\/p>\n<p>Kompetenzzentrum Internetgesellschaft. (2013a). Stand IKT in \u00d6sterreich- 1. Bericht des Kompetenzzentrum Internetgesellschaft (URL:http:\/\/www.kig.gv.at\/Portal.Node\/kig\/public\/Content\/files\/berichte\/IKT-Stand_2013.pdf. Accessed: 2014-01-16. (Archived by WebCite\u00ae at <a href=\"http:\/\/www.webcitation.org\/6MfOXm9KQ\" target=\"_blank\">http:\/\/www.webcitation.org\/6MfOXm9KQ<\/a>)<\/p>\n<p>Kompetenzzentrum Internetgesellschaft (2013b). Informations- und Kommunikationstechnologie- Grundsatz\u00fcberlegungen zur IKT-Strategie f\u00fcr \u00d6sterreich 2014-2018. Konsultationsdokument Version 17.6.2013. URL:http:\/\/www.iktstrategie.at\/en\/chapter-list\/19375. Accessed: 2013-12-28. (Archived by WebCite\u00ae at<a href=\"\/\/www.webcitation.org\/6MCn29d6y\" target=\"_blank\"> http:\/\/www.webcitation.org\/6MCn29d6y<\/a>)<\/p>\n<p>Konrad-Lustig, C. (2013). F\u00f6rderung der individuellen Lesekompetenz mit digitalen Medien in der Grundschule. In: P. Micheuz, A. Reiter, G. Brandhofer, M. Ebner &amp; B. Sabitzer (Hrsg.), Digitale Schule \u00d6sterreich- Eine analoge Standortbestimmung anl\u00e4sslich der eEducation Sommertagung 2013 (S. 204- 215). Wien: \u00d6sterreichische Computergesellschaft<\/p>\n<p>Krauthausen, G. (2012). Digitale Medien im Mathematikunterricht der Grundschule. Berlin Heidelberg: Springer<\/p>\n<p>Lehrplan. (2012). URL:http:\/\/www.bmukk.gv.at\/medienpool\/14055\/lp_vs_gesamt.pdf. Accessed: 2014-03-08. (Archived by WebCite\u00ae at <a href=\"http:\/\/www.webcitation.org\/6NvFLFenj\" target=\"_blank\">http:\/\/www.webcitation.org\/6NvFLFenj<\/a>)<\/p>\n<p>Medienkindheit. (2009). Suchmaschinen f\u00fcr Kinder und Grundschule im Vergleich. URL:http:\/\/www.medienkindheit.de\/medienpaedagogisches\/kindersuchmaschinen-im-vergleich\/. Accessed: 2014-07-20. (Archived by WebCite\u00ae at <a href=\"http:\/\/www.webcitation.org\/6RCo1e5Vw\" target=\"_blank\">http:\/\/www.webcitation.org\/6RCo1e5Vw<\/a>)<\/p>\n<p>Mulley, U. (2010). Neue Chancen f\u00fcr Kinder mit Legasthenie. Ein Pl\u00e4doyer f\u00fcr den Einsatz des Computers im Unterricht. Mit praktischen Tipps f\u00fcr Eltern. (Theorie und empirische Studie). D\u00fcrrholz: ausZeit<\/p>\n<p>Mulley, U. (2011). E-Portfolio- Erfolge sammeln leicht gemacht. Portfolios im Unterricht. Mit praktischen Tipps f\u00fcr Kinder, Eltern und Lehrende. D\u00fcrrholz: ausZeit<\/p>\n<p>Mulley, U. &amp; Zuliani, B. (2013a). Ein Digitales Kompetenzmodell f\u00fcr die Volksschule. In: P. Micheuz, A. Reiter, G. Brandhofer, M. Ebner &amp; B. Sabitzer (Hrsg.), Digitale Schule \u00d6sterreich- Eine analoge Standortbestimmung anl\u00e4sslich der eEducation Sommertagung 2013 (S. 196-200). Wien: \u00d6sterreichische Computergesellschaft<\/p>\n<p>Mulley, U. &amp; Zuliani, B. (2013b). Non scholae, sed vitae discimus! Medienbildung ist wichtig! Medienimpulse- Beitr\u00e4ge zur Medienp\u00e4dagogik (Ausgabe 4\/ 2013).<br \/>\nURL:http:\/\/www.medienimpulse.at\/articles\/view\/594. Accessed: 2014-06-10. (Archived by WebCite\u00ae at <a href=\"http:\/\/www.webcitation.org\/6QEYR5DKw\" target=\"_blank\">http:\/\/www.webcitation.org\/6QEYR5DKw<\/a>)<\/p>\n<p>NMC Horizon Report. (2014). K-12 Edition Preview.<br \/>\nURL:http:\/\/cdn.nmc.org\/media\/2014-horizon-k12-preview.pdf. Accessed: 2014-06-20. (Archived by WebCite\u00ae at http:\/\/www.webcitation.org\/6QT90ZP6H)<\/p>\n<p>Notari, M. &amp; D\u00f6beli Honegger, B. (2013). Das Wiki-Prinzip. In: M. Notari &amp; B. D\u00f6beli Honegger (Hrsg.), Der Wiki Weg des Lernens. Gestaltung und Begleitung von Lernprozessen mit digitalen Kollaborationswerkzeugen (S 20-39). Bern: HEP-Verlag<\/p>\n<p>OOo4kids. URL:http:\/\/educoo.org\/OOo4Kids.php. Accessed: 2014-06-17. (Archived by WebCite\u00ae at <a href=\"http:\/\/www.webcitation.org\/6QOrf3Eza\" target=\"_blank\">http:\/\/www.webcitation.org\/6QOrf3Eza<\/a>)<\/p>\n<p>O\u00f6. Kinder-Medien-Studie. (2014a). Das Medienverhalten der 3- bis 10-J\u00e4hrigen. URL:http:\/\/www.edugroup.at\/fileadmin\/DAM\/Innovation\/Forschung\/Dateien\/2014_Zsf_Kinder-Medien-Studie.pdf. Accessed: 2014-05-12. (Archived by WebCite\u00ae at <a href=\"http:\/\/www.webcitation.org\/6PWKozxIY\" target=\"_blank\">http:\/\/www.webcitation.org\/6PWKozxIY<\/a>)<\/p>\n<p>O\u00f6. Kinder-Medien-Studie. (2014b). Medienverhalten der Kinder- Internet URL:http:\/\/www.edugroup.at\/fileadmin\/DAM\/Innovation\/Forschung\/Dateien\/2014_6_Charts_Internet.pdf. Accessed: 2014-05-12. (Archived by WebCite\u00ae at <a href=\"http:\/\/www.webcitation.org\/6PWKeDUce\" target=\"_blank\">http:\/\/www.webcitation.org\/6PWKeDUce<\/a>)<\/p>\n<p>O\u00f6. Kinder-Medien-Studie. (2014c). Medienverhalten der Kinder- Handy. URL:http:\/\/www.edugroup.at\/fileadmin\/DAM\/Innovation\/Forschung\/Dateien\/2014_7_Charts_Handy.pdf. Accessed: 2014-05-12. (Archived by WebCite\u00ae at <a href=\"http:\/\/www.webcitation.org\/6PWLUyp0h\" target=\"_blank\">http:\/\/www.webcitation.org\/6PWLUyp0h<\/a>)<\/p>\n<p>\u00d6sterreichische Computer Gesellschaft (o. J.). Positionspapier. Informations- und Kommunikationstechnologie und Schule. Vermittlung informatischer Kompetenzen und Medienkompetenzen in allen Lehramtsstudien aller Ausbildungsinstitute \u00d6sterreichs. URL:http:\/\/www.ocg.at\/sites\/ocg.at\/files\/medien\/pdfs\/Positionspapier_IKT-Lehrerausbildung.pdf. Accessed: 2014-05-08. (Archived by WebCite\u00ae at <a href=\"http:\/\/www.webcitation.org\/6PPdcjmOt\" target=\"_blank\">http:\/\/www.webcitation.org\/6PPdcjmOt<\/a>)<\/p>\n<p>PEARSON. (2014). Textbooks go digital. URL:http:\/\/thelearningcurve.pearson.com\/case-studies\/article\/textbooks-go-digital. Accessed: 2014-01-21. (Archived by WebCite\u00ae at <a href=\"http:\/\/www.webcitation.org\/6MmwC45KT\" target=\"_blank\">http:\/\/www.webcitation.org\/6MmwC45KT<\/a>)<\/p>\n<p>Petko, D., Mitzlaff, H. &amp; Kn\u00fcsel, D. (2007). ICT in Primarschulen. Expertise und Forschungs\u00fcbersicht. Im Auftrag des Schweizer Dachverbandes der Lehrerinnen und Lehrer LCH. Goldau: Institut f\u00fcr Medien und Schule, PHZ Schwyz. URL:http:\/\/www.phsz.ch\/fileadmin\/autoren\/fe_dateien\/petko_mitzlaff_knuesel_2007_ict_in_primarschulen_expertise.pdf. Accessed: 2014-02-11. (Archived by WebCite\u00ae at <a href=\"http:\/\/www.webcitation.org\/6NIoY23cQ\" target=\"_blank\">http:\/\/www.webcitation.org\/6NIoY23cQ<\/a>)<\/p>\n<p>Petko, D. (2014). Einf\u00fchrung in die Mediendidaktik- Lehren und Lernen mit digitalen Medien. Weinheim und Basel: Beltz<\/p>\n<p>Prensky, M. (2001). Digital Natives, Digital Immigrants. On the Horizon. http:\/\/www.marcprensky.com\/writing\/Prensky%20-%20Digital%20Natives,%20Digital%20Immigrants%20-%20Part1.pdf. Accessed: 2013-10-27. (Archived by WebCite\u00aeat <a href=\"http:\/\/www.webcitation.org\/6KgWhYlur\" target=\"_blank\">http:\/\/www.webcitation.org\/6KgWhYlur<\/a>)<\/p>\n<p>R\u00f6sler, D. (2010). Die Funktion von Medien im Deutsch als Fremd- und Deutsch als Zweitsprache-Unterricht. In: H.-J. Krumm, C. Fandrych, B. Hufeisen &amp; C. Riemer (Hrsg.), Deutsch als Fremd- und Zweitsprache. Ein internationales Handbuch. (Band 1) (S. 1199-1214). Berlin\/ New York: De Gruyter Mouton<\/p>\n<p>Saferinternet. (2013). Kein Kind ohne Digitale Kompetenzen URL:http:\/\/www.saferinternet.at\/uploads\/tx_simaterials\/digitale-kompetenzen-handbuch-web-einzelseiten.pdf. Accessed: 2013-12-28. (Archived by WebCite\u00ae at <a href=\"http:\/\/www.webcitation.org\/6MCqBbSTm\" target=\"_blank\">http:\/\/www.webcitation.org\/6MCqBbSTm<\/a>)<\/p>\n<p>Schneps, M. H., Thomson, J. M., Sonnert, G., Pomplun, M., Chen, C. &amp; Heffner-Wong, A. (2013). Shorter Lines Facilitate Reading in Those Who Struggle. PLoS ONE 8(8): e71161. doi:10.1371\/journal.pone.0071161. URL:http:\/\/www.plosone.org\/article\/info%3Adoi%2F10.1371%2Fjournal.pone.0071161. Accessed: 2014-02-11. (Archived by WebCite\u00ae at <a href=\"http:\/\/www.webcitation.org\/6NIpXjr5d\" target=\"_blank\">http:\/\/www.webcitation.org\/6NIpXjr5d<\/a>)<\/p>\n<p>Stiftung f\u00fcr Medienp\u00e4dagogik. (2013). Geeignete Apps f\u00fcr Kinder. Apps sicher nutzen. Mobile Ger\u00e4te in Kinderhand. http:\/\/www.stiftung-medienpaedagogik<br \/>\nbayern.de\/dateien\/MedPaed-Brosch-Apps_Gesamt.pdf. Accessed: 2013-11-02. (Archived by WebCite\u00ae at <a href=\"http:\/\/www.webcitation.org\/6KpNzRVjr\" target=\"_blank\">http:\/\/www.webcitation.org\/6KpNzRVjr<\/a>)<\/p>\n<p>Strasser, T &amp; Luk\u00e1cs, B. (2012). Paradigmenwechsel 2.0? Wileys Prinzipien der \u201eOpeness\u201c im (Hoch-) Schulbereich. In: E. Blaschitz, G. Brandhofer, C. Nosko, &amp; G. Schwed (Hrsg.), Zukunft des Lernens- Wie digitale Schule, Aus- und Weiterbildung ver\u00e4ndern (S. 351-363). Gl\u00fccksstadt: Werner H\u00fclsbusch<\/p>\n<p>Thissen, F. (2013). Mobiles Lernen in der Schule (2. Aufl.). URL:http:\/\/www.frank-thissen.de\/ibook_gut.pdf. Accessed: 2013-10-27. (Archived by WebCite\u00ae at <a href=\"http:\/\/www.webcitation.org\/6KgDRUyK7\" target=\"_blank\">http:\/\/www.webcitation.org\/6KgDRUyK7<\/a>)<\/p>\n<p>Tulodziecki, G. &amp; Herzig, B. (2010). Mediendidaktik. Handbuch Medienp\u00e4dagogik Band 2. M\u00fcnchen: kopaed.<\/p>\n<p>Weigert, M. (2014). Fortschritt: Das Ziel von Technologie muss es sein, uns gl\u00fccklicher zu machen. In: netzwertig.com \u2013 Band II. buch &amp; netz \u2013 http:\/\/buchundnetz.com. URL:http:\/\/books.buchundnetz.com\/netzwertigcombandii\/. Accessed: 2014-01-31. (Archived by WebCite\u00ae at <a href=\"http:\/\/www.webcitation.org\/6N2Gn9wpi\" target=\"_blank\">http:\/\/www.webcitation.org\/6N2Gn9wpi<\/a>)<\/p>\n<p>Zuliani, B. (2012a). Der Einsatz des iPads im Volksschulbereich im Fokus der F\u00f6rderung der Kreativit\u00e4t (Masterthesis). URL:http:\/\/members.aon.at\/bzuliani\/Der_Einsatz_des_iPads_in_der_Volksschule_-_Forschung\/Master_Thesis.html. Accessed: 2013-11-10. (Archived by WebCite\u00ae at <a href=\"http:\/\/www.webcitation.org\/6L1yZJMjI\" target=\"_blank\">http:\/\/www.webcitation.org\/6L1yZJMjI<\/a>)<\/p>\n<p>Zuliani, B. (2012b). Der Einsatz des iPads in der Volksschule- Internetnutzung zur Verbesserung der Kommunikationskultur zwischen den SchulpartnerInnen mittels Klassenblog. URL:http:\/\/members.aon.at\/bzuliani\/Der_Einsatz_des_iPads_in_der_Volksschule_-_Forschung\/home.html. Accessed: 2013-11-10. (Archived by WebCite\u00ae at <a href=\"http:\/\/www.webcitation.org\/6L1ydzRZP\" target=\"_blank\">http:\/\/www.webcitation.org\/6L1ydzRZP<\/a>)<\/p>\n<p>&nbsp;<\/p>\n<p>&nbsp;<\/p>\n","protected":false},"excerpt":{"rendered":"<p>BITCOM. (2014). Sieben gute Gr\u00fcnde f\u00fcr mobiles Lernen. Whitepaper des BITKOM-Arbeitskreises Learning Solutions. http:\/\/www.bitkom.org\/de\/themen\/54629_78512.aspx. Accessed: 2015-02-23. (Archived by WebCite\u00ae at http:\/\/www.webcitation.org\/6WYOwvtps) bm:ukk. (2012). Medienbildung Grundsatzerlass. URL:http:\/\/www.bmukk.gv.at\/medienpool\/5796\/medienerziehung.pdf. Accessed: 2013-11-10. (Archived by WebCite\u00ae at http:\/\/www.webcitation.org\/6L1o0yoze) Blaschitz, E., Brandhofer, G., Nosko, C. &amp; Schwed, G. (Hrsg.). Zukunft des Lernens-Wie digitale Schule, Aus- und Weiterbildung ver\u00e4ndern. Gl\u00fccksstadt: Werner H\u00fclsbusch <a class=\"more-link excerpt-link\" href=\"https:\/\/podcampus.phwien.ac.at\/itatvs\/publikationen\">Weiterlesen<span class=\"glyphicon glyphicon-chevron-right\"><\/span><\/a><\/p>\n","protected":false},"author":99,"featured_media":0,"parent":0,"menu_order":50,"comment_status":"closed","ping_status":"open","template":"","meta":{"footnotes":""},"class_list":["post-32","page","type-page","status-publish","hentry"],"acf":[],"_links":{"self":[{"href":"https:\/\/podcampus.phwien.ac.at\/itatvs\/wp-json\/wp\/v2\/pages\/32","targetHints":{"allow":["GET"]}}],"collection":[{"href":"https:\/\/podcampus.phwien.ac.at\/itatvs\/wp-json\/wp\/v2\/pages"}],"about":[{"href":"https:\/\/podcampus.phwien.ac.at\/itatvs\/wp-json\/wp\/v2\/types\/page"}],"author":[{"embeddable":true,"href":"https:\/\/podcampus.phwien.ac.at\/itatvs\/wp-json\/wp\/v2\/users\/99"}],"replies":[{"embeddable":true,"href":"https:\/\/podcampus.phwien.ac.at\/itatvs\/wp-json\/wp\/v2\/comments?post=32"}],"version-history":[{"count":5,"href":"https:\/\/podcampus.phwien.ac.at\/itatvs\/wp-json\/wp\/v2\/pages\/32\/revisions"}],"predecessor-version":[{"id":152,"href":"https:\/\/podcampus.phwien.ac.at\/itatvs\/wp-json\/wp\/v2\/pages\/32\/revisions\/152"}],"wp:attachment":[{"href":"https:\/\/podcampus.phwien.ac.at\/itatvs\/wp-json\/wp\/v2\/media?parent=32"}],"curies":[{"name":"wp","href":"https:\/\/api.w.org\/{rel}","templated":true}]}}