{"id":40,"date":"2015-02-10T09:22:59","date_gmt":"2015-02-10T09:22:59","guid":{"rendered":"http:\/\/podcampus.phwien.ac.at\/itatvs\/?page_id=40"},"modified":"2015-02-24T21:03:47","modified_gmt":"2015-02-24T21:03:47","slug":"computergestuetzter-unterricht","status":"publish","type":"page","link":"https:\/\/podcampus.phwien.ac.at\/itatvs\/unterrichtsmaterialien\/computergestuetzter-unterricht","title":{"rendered":"Computergest\u00fctzter Unterricht"},"content":{"rendered":"<p>Der Computer bietet eine Vielzahl an Einsatzm\u00f6glichkeiten:<\/p>\n<p>&#8211; Begabtenf\u00f6rderung (Verfassen von Texten, Bilder dazu gestalten)<\/p>\n<p>&#8211; F\u00f6rderung von Kindern mit Defiziten (Lernw\u00f6rter tippen)<\/p>\n<p>-F\u00f6rderung der Kreativit\u00e4t (Paint, Figuren im Word mit den Autoformen bilden)<\/p>\n<p>-\u00dcbungsm\u00f6glichkeit ( Online \u00dcbungen)<\/p>\n<p>&#8211; Festigung von Lerninhalten ( \u00dcbungen zum Anlauten)<\/p>\n<p>&#8211; Zuwachs an digitalen Kompetenzen &#8211;&gt; <strong>digi.komp4<\/strong><\/p>\n<p>&#8211; Erg\u00e4nzung im Sachunterricht ( Informationen f\u00fcr ein Referat speziell auf Plattformen f\u00fcr Kinder suchen)<\/p>\n","protected":false},"excerpt":{"rendered":"<p>Der Computer bietet eine Vielzahl an Einsatzm\u00f6glichkeiten: &#8211; Begabtenf\u00f6rderung (Verfassen von Texten, Bilder dazu gestalten) &#8211; F\u00f6rderung von Kindern mit Defiziten (Lernw\u00f6rter tippen) -F\u00f6rderung der Kreativit\u00e4t (Paint, Figuren im Word mit den Autoformen bilden) -\u00dcbungsm\u00f6glichkeit ( Online \u00dcbungen) &#8211; Festigung von Lerninhalten ( \u00dcbungen zum Anlauten) &#8211; Zuwachs an digitalen Kompetenzen &#8211;&gt; digi.komp4 &#8211; Erg\u00e4nzung <a class=\"more-link excerpt-link\" href=\"https:\/\/podcampus.phwien.ac.at\/itatvs\/unterrichtsmaterialien\/computergestuetzter-unterricht\">Weiterlesen<span class=\"glyphicon glyphicon-chevron-right\"><\/span><\/a><\/p>\n","protected":false},"author":99,"featured_media":0,"parent":30,"menu_order":0,"comment_status":"closed","ping_status":"open","template":"","meta":{"footnotes":""},"class_list":["post-40","page","type-page","status-publish","hentry"],"acf":[],"_links":{"self":[{"href":"https:\/\/podcampus.phwien.ac.at\/itatvs\/wp-json\/wp\/v2\/pages\/40","targetHints":{"allow":["GET"]}}],"collection":[{"href":"https:\/\/podcampus.phwien.ac.at\/itatvs\/wp-json\/wp\/v2\/pages"}],"about":[{"href":"https:\/\/podcampus.phwien.ac.at\/itatvs\/wp-json\/wp\/v2\/types\/page"}],"author":[{"embeddable":true,"href":"https:\/\/podcampus.phwien.ac.at\/itatvs\/wp-json\/wp\/v2\/users\/99"}],"replies":[{"embeddable":true,"href":"https:\/\/podcampus.phwien.ac.at\/itatvs\/wp-json\/wp\/v2\/comments?post=40"}],"version-history":[{"count":5,"href":"https:\/\/podcampus.phwien.ac.at\/itatvs\/wp-json\/wp\/v2\/pages\/40\/revisions"}],"predecessor-version":[{"id":196,"href":"https:\/\/podcampus.phwien.ac.at\/itatvs\/wp-json\/wp\/v2\/pages\/40\/revisions\/196"}],"up":[{"embeddable":true,"href":"https:\/\/podcampus.phwien.ac.at\/itatvs\/wp-json\/wp\/v2\/pages\/30"}],"wp:attachment":[{"href":"https:\/\/podcampus.phwien.ac.at\/itatvs\/wp-json\/wp\/v2\/media?parent=40"}],"curies":[{"name":"wp","href":"https:\/\/api.w.org\/{rel}","templated":true}]}}