{"id":975,"date":"2016-02-08T08:02:30","date_gmt":"2016-02-08T08:02:30","guid":{"rendered":"http:\/\/podcampus.phwien.ac.at\/itatvs\/?page_id=975"},"modified":"2016-02-15T08:26:51","modified_gmt":"2016-02-15T08:26:51","slug":"bildungsserver-oesterreich","status":"publish","type":"page","link":"https:\/\/podcampus.phwien.ac.at\/itatvs\/bildungsserver-oesterreich","title":{"rendered":"Bildungsserver \u00d6sterreich"},"content":{"rendered":"<p><a href=\"http:\/\/www.bildungsserver.com\/\" target=\"_blank\">Burgenland Bildungsserver<\/a><br \/>\n<a href=\"http:\/\/www.bildungsland.at\/\" target=\"_blank\"> K\u00e4rnter Bildungs- und Kulturserver<\/a><br \/>\n<a href=\"https:\/\/www.noe-bildungsatlas.at\/\" target=\"_blank\"> Nieder\u00f6sterreichischer Bildungsatlas<\/a><br \/>\n<a href=\"https:\/\/www.edugroup.at\/\" target=\"_blank\"> Education Highway Ober\u00f6sterreich<\/a><br \/>\n<a href=\"http:\/\/bildung.salzburg.at\/\" target=\"_blank\"> Salzburger Bildungsservice<\/a><br \/>\n<a href=\"http:\/\/www.asn-graz.ac.at\/start.htm\" target=\"_blank\"> Styrian Education Server<\/a><br \/>\n<a href=\"http:\/\/tibs.at\/\" target=\"_blank\">Tiroler Bildungsservice<\/a><br \/>\n<a href=\"http:\/\/www.vobs.at\/home\/\" target=\"_blank\">Vorarlberger Bildungsserver<\/a><br \/>\n<a href=\"http:\/\/bildungsserver.wien\/wiener-bildungsserver\/\" target=\"_blank\"> Wiener Bildungsserver<\/a><\/p>\n","protected":false},"excerpt":{"rendered":"<p>Burgenland Bildungsserver K\u00e4rnter Bildungs- und Kulturserver Nieder\u00f6sterreichischer Bildungsatlas Education Highway Ober\u00f6sterreich Salzburger Bildungsservice Styrian Education Server Tiroler Bildungsservice Vorarlberger Bildungsserver Wiener Bildungsserver<\/p>\n","protected":false},"author":136,"featured_media":0,"parent":0,"menu_order":0,"comment_status":"closed","ping_status":"closed","template":"","meta":{"footnotes":""},"class_list":["post-975","page","type-page","status-publish","hentry"],"acf":[],"_links":{"self":[{"href":"https:\/\/podcampus.phwien.ac.at\/itatvs\/wp-json\/wp\/v2\/pages\/975","targetHints":{"allow":["GET"]}}],"collection":[{"href":"https:\/\/podcampus.phwien.ac.at\/itatvs\/wp-json\/wp\/v2\/pages"}],"about":[{"href":"https:\/\/podcampus.phwien.ac.at\/itatvs\/wp-json\/wp\/v2\/types\/page"}],"author":[{"embeddable":true,"href":"https:\/\/podcampus.phwien.ac.at\/itatvs\/wp-json\/wp\/v2\/users\/136"}],"replies":[{"embeddable":true,"href":"https:\/\/podcampus.phwien.ac.at\/itatvs\/wp-json\/wp\/v2\/comments?post=975"}],"version-history":[{"count":3,"href":"https:\/\/podcampus.phwien.ac.at\/itatvs\/wp-json\/wp\/v2\/pages\/975\/revisions"}],"predecessor-version":[{"id":1000,"href":"https:\/\/podcampus.phwien.ac.at\/itatvs\/wp-json\/wp\/v2\/pages\/975\/revisions\/1000"}],"wp:attachment":[{"href":"https:\/\/podcampus.phwien.ac.at\/itatvs\/wp-json\/wp\/v2\/media?parent=975"}],"curies":[{"name":"wp","href":"https:\/\/api.w.org\/{rel}","templated":true}]}}