{"id":980,"date":"2016-02-08T08:11:01","date_gmt":"2016-02-08T08:11:01","guid":{"rendered":"http:\/\/podcampus.phwien.ac.at\/itatvs\/?page_id=980"},"modified":"2016-04-08T07:44:50","modified_gmt":"2016-04-08T07:44:50","slug":"interessante-adressen","status":"publish","type":"page","link":"https:\/\/podcampus.phwien.ac.at\/itatvs\/interessante-adressen","title":{"rendered":"Interessante Adressen"},"content":{"rendered":"<ul>\n<li><a href=\"http:\/\/digikomp.at\/\" target=\"_blank\">Digikomp<\/a><\/li>\n<li><a href=\"https:\/\/www.edugroup.at\/\" target=\"_blank\">Education Group<\/a><\/li>\n<li><a href=\"https:\/\/www.schule.at\/startseite.html\" target=\"_blank\">Schule.at<\/a><\/li>\n<li><a href=\"http:\/\/www.virtuelle-ph.at\/\" target=\"_blank\">Virtuelle PH<\/a><\/li>\n<li><a href=\"http:\/\/www.pcvs.info\/\" target=\"_blank\">Softwaresammlung<\/a>\u00a0 Andreas Lehrbaumer<\/li>\n<li><a href=\"http:\/\/wegerer.at\/\" target=\"_blank\">wegerer.at<\/a><\/li>\n<li><a href=\"https:\/\/beat.doebe.li\/\" target=\"_blank\">Beat D\u00f6beli<\/a><\/li>\n<li><a href=\"https:\/\/www.werdedigital.at\/\" target=\"_blank\">WerdeDigital<\/a><\/li>\n<li><a href=\"https:\/\/www.saferinternet.at\/\" target=\"_blank\">safer Internet<\/a><\/li>\n<li><a href=\"http:\/\/www.brandhofer.cc\/\" target=\"_blank\">Mostblog &#8211; Gerhard Brandhofer<\/a><\/li>\n<\/ul>\n<p>Andreas Hofer (Fl\u00fcchtlinge)<\/p>\n<p>PH Steiermark (QR Code Seiten)<\/p>\n<p>PH Nieder\u00f6sterreich (Eduthek)<\/p>\n<p>&nbsp;<\/p>\n","protected":false},"excerpt":{"rendered":"<p>Digikomp Education Group Schule.at Virtuelle PH Softwaresammlung\u00a0 Andreas Lehrbaumer wegerer.at Beat D\u00f6beli WerdeDigital safer Internet Mostblog &#8211; Gerhard Brandhofer Andreas Hofer (Fl\u00fcchtlinge) PH Steiermark (QR Code Seiten) PH Nieder\u00f6sterreich (Eduthek) &nbsp;<\/p>\n","protected":false},"author":136,"featured_media":0,"parent":0,"menu_order":0,"comment_status":"closed","ping_status":"closed","template":"","meta":{"footnotes":""},"class_list":["post-980","page","type-page","status-publish","hentry"],"acf":[],"_links":{"self":[{"href":"https:\/\/podcampus.phwien.ac.at\/itatvs\/wp-json\/wp\/v2\/pages\/980","targetHints":{"allow":["GET"]}}],"collection":[{"href":"https:\/\/podcampus.phwien.ac.at\/itatvs\/wp-json\/wp\/v2\/pages"}],"about":[{"href":"https:\/\/podcampus.phwien.ac.at\/itatvs\/wp-json\/wp\/v2\/types\/page"}],"author":[{"embeddable":true,"href":"https:\/\/podcampus.phwien.ac.at\/itatvs\/wp-json\/wp\/v2\/users\/136"}],"replies":[{"embeddable":true,"href":"https:\/\/podcampus.phwien.ac.at\/itatvs\/wp-json\/wp\/v2\/comments?post=980"}],"version-history":[{"count":6,"href":"https:\/\/podcampus.phwien.ac.at\/itatvs\/wp-json\/wp\/v2\/pages\/980\/revisions"}],"predecessor-version":[{"id":1059,"href":"https:\/\/podcampus.phwien.ac.at\/itatvs\/wp-json\/wp\/v2\/pages\/980\/revisions\/1059"}],"wp:attachment":[{"href":"https:\/\/podcampus.phwien.ac.at\/itatvs\/wp-json\/wp\/v2\/media?parent=980"}],"curies":[{"name":"wp","href":"https:\/\/api.w.org\/{rel}","templated":true}]}}