{"id":13,"date":"2015-09-27T11:54:11","date_gmt":"2015-09-27T11:54:11","guid":{"rendered":"http:\/\/podcampus.phwien.ac.at\/textfetzt\/?page_id=13"},"modified":"2015-11-27T14:50:30","modified_gmt":"2015-11-27T14:50:30","slug":"impressum-2","status":"publish","type":"page","link":"https:\/\/podcampus.phwien.ac.at\/textfetzt\/impressum-2","title":{"rendered":"Impressum"},"content":{"rendered":"<p>Der Blog begleitet die Veranstaltungen von &#8222;Text fetzt!&#8220; der P\u00e4dagogischen Hochschule Wien.<\/p>\n<p>Dieser Blog des<a href=\"http:\/\/www.phwien.ac.at\/index.php\/die-ph-wien\/institute\/institut-fuer-uebergreifende-bildungsschwerpunkte-der-ph-wien\/zentrum-fuer-lerntechnologie-und-innovation-zli\">\u00a0<strong>Zentrums f\u00fcr Lerntechnologie und Innovation<\/strong>\u00a0(ZLI)<\/a>\u00a0an der P\u00e4dagogischen Hochschule (PH) Wien soll Medienbildung durch Information und Diskurs unterst\u00fctzen.<\/p>\n<address>F\u00fcr den Inhalt verantwortlich:<br \/>\nChristian Berger, MA.<em><br \/>\n<\/em><br \/>\nP\u00e4d.Hochschule Wien\/<em>ZLI<br \/>\nmail: christian.berger(at)phwien.ac.at<\/em><em><br \/>\nweb:\u00a0<a href=\"http:\/\/www.phwien.ac.at\/\">http:\/\/www.phwien.ac.at\/<\/a><\/em><em><br \/>\nA-1100 Wien, Grenzackerstr. 18<\/em><\/address>\n","protected":false},"excerpt":{"rendered":"<p>Der Blog begleitet die Veranstaltungen von &#8222;Text fetzt!&#8220; der P\u00e4dagogischen Hochschule Wien. Dieser Blog des\u00a0Zentrums f\u00fcr Lerntechnologie und Innovation\u00a0(ZLI)\u00a0an der P\u00e4dagogischen Hochschule (PH) Wien soll Medienbildung durch Information und Diskurs unterst\u00fctzen. F\u00fcr den Inhalt verantwortlich: Christian Berger, MA. P\u00e4d.Hochschule Wien\/ZLI &hellip; <a href=\"https:\/\/podcampus.phwien.ac.at\/textfetzt\/impressum-2\">Weiterlesen <span class=\"meta-nav\">&rarr;<\/span><\/a><\/p>\n","protected":false},"author":4,"featured_media":0,"parent":0,"menu_order":0,"comment_status":"closed","ping_status":"open","template":"","meta":{"footnotes":""},"class_list":["post-13","page","type-page","status-publish","hentry"],"acf":[],"_links":{"self":[{"href":"https:\/\/podcampus.phwien.ac.at\/textfetzt\/wp-json\/wp\/v2\/pages\/13","targetHints":{"allow":["GET"]}}],"collection":[{"href":"https:\/\/podcampus.phwien.ac.at\/textfetzt\/wp-json\/wp\/v2\/pages"}],"about":[{"href":"https:\/\/podcampus.phwien.ac.at\/textfetzt\/wp-json\/wp\/v2\/types\/page"}],"author":[{"embeddable":true,"href":"https:\/\/podcampus.phwien.ac.at\/textfetzt\/wp-json\/wp\/v2\/users\/4"}],"replies":[{"embeddable":true,"href":"https:\/\/podcampus.phwien.ac.at\/textfetzt\/wp-json\/wp\/v2\/comments?post=13"}],"version-history":[{"count":3,"href":"https:\/\/podcampus.phwien.ac.at\/textfetzt\/wp-json\/wp\/v2\/pages\/13\/revisions"}],"predecessor-version":[{"id":142,"href":"https:\/\/podcampus.phwien.ac.at\/textfetzt\/wp-json\/wp\/v2\/pages\/13\/revisions\/142"}],"wp:attachment":[{"href":"https:\/\/podcampus.phwien.ac.at\/textfetzt\/wp-json\/wp\/v2\/media?parent=13"}],"curies":[{"name":"wp","href":"https:\/\/api.w.org\/{rel}","templated":true}]}}