{"id":27,"date":"2015-09-27T12:53:01","date_gmt":"2015-09-27T12:53:01","guid":{"rendered":"http:\/\/podcampus.phwien.ac.at\/textfetzt\/?page_id=27"},"modified":"2016-12-29T15:00:00","modified_gmt":"2016-12-29T15:00:00","slug":"veranstalter-und-partner-2016","status":"publish","type":"page","link":"https:\/\/podcampus.phwien.ac.at\/textfetzt\/veranstalter-und-partner-2016","title":{"rendered":"Veranstalter und Partner"},"content":{"rendered":"<p><strong>Veranstalter:<br \/>\n<a href=\"http:\/\/podcampus.phwien.ac.at\/textfetzt\/files\/2015\/09\/PHLogo_ohneSchriftzug_farbig.jpg\"><img loading=\"lazy\" decoding=\"async\" class=\"alignleft wp-image-90\" src=\"http:\/\/podcampus.phwien.ac.at\/textfetzt\/files\/2015\/09\/PHLogo_ohneSchriftzug_farbig-289x300.jpg\" alt=\"PH Wien logo\" width=\"81\" height=\"84\" srcset=\"https:\/\/podcampus.phwien.ac.at\/textfetzt\/files\/2015\/09\/PHLogo_ohneSchriftzug_farbig-289x300.jpg 289w, https:\/\/podcampus.phwien.ac.at\/textfetzt\/files\/2015\/09\/PHLogo_ohneSchriftzug_farbig-987x1024.jpg 987w, https:\/\/podcampus.phwien.ac.at\/textfetzt\/files\/2015\/09\/PHLogo_ohneSchriftzug_farbig.jpg 1912w\" sizes=\"auto, (max-width: 81px) 100vw, 81px\" \/><\/a>P\u00e4dagogische Hochschule Wien\/ <a href=\"http:\/\/www.phwien.ac.at\/index.php\/die-ph-wien\/institute\/institut-fuer-uebergreifende-bildungsschwerpunkte-der-ph-wien\" target=\"_blank\">Institut f. \u00fcbergreifende Bildungsschwerpunkte<\/a>:<br \/>\n<\/strong><a href=\"http:\/\/podcampus.phwien.ac.at\/zli\/\" target=\"_blank\">Zentrum f\u00fcr Lerntechnologie und Innovation (ZLI)<\/a> in Zusammenarbeit mit dem\u00a0<a href=\"http:\/\/podcampus.phwien.ac.at\/dizetik\/\" target=\"_blank\">Didaktikzentrum f\u00fcr Text- und Informationskompetenz (DiZeTIK)<\/a><\/p>\n<p><strong>in Kooperation mit:<\/strong><br \/>\n<strong>\u00a0<a href=\"http:\/\/www.literaturhaus.at\/index.php?id=6541\"><img loading=\"lazy\" decoding=\"async\" class=\"alignnone\" src=\"http:\/\/literadio.org\/wp-content\/uploads\/2012\/02\/ig-autor_innen1-300x48.jpg\" alt=\"logo IG Autorinnen Autoren\" width=\"300\" height=\"48\" \/>\u00a0<\/a><a href=\"http:\/\/www.literaturhaus.at\/index.php?id=6541\"><img loading=\"lazy\" decoding=\"async\" class=\"alignnone wp-image-257\" src=\"http:\/\/podcampus.phwien.ac.at\/textfetzt\/files\/2015\/09\/KKA_16-300x171.png\" alt=\"KKA_16\" width=\"81\" height=\"50\" \/><\/a><\/strong><\/p>\n<p><strong>Mit Unterst\u00fctzung von:<\/strong><\/p>\n<p><a href=\"http:\/\/wien.arbeiterkammer.at\/beratung\/bildung\/index.html\" target=\"_blank\"><img loading=\"lazy\" decoding=\"async\" class=\"alignleft wp-image-255\" src=\"http:\/\/podcampus.phwien.ac.at\/textfetzt\/files\/2015\/09\/akwien_logo-300x144.jpg\" alt=\"akwien_logo\" width=\"96\" height=\"48\" \/><\/a><\/p>\n<p>&nbsp;<\/p>\n<p>&nbsp;<\/p>\n<ul>\n<li><a href=\"https:\/\/freinetgruppewien.wordpress.com\/\" target=\"_blank\">Freinetgruppe Wien<\/a><\/li>\n<li><a href=\"http:\/\/www.jugendliteratur.net\/\" target=\"_blank\">Institut f\u00fcr Jugendliteratur<\/a><\/li>\n<li><a href=\"https:\/\/www.wien.gv.at\/freizeit\/bildungjugend\/bildung\/buechereien\/media-wien\/\" target=\"_blank\">Bibliotheksp\u00e4dagogisches Zentrum der B\u00fcchereien Wien<\/a><\/li>\n<li><a href=\"https:\/\/www.buchklub.at\/\" target=\"_blank\">\u00d6sterreichischer\u00a0Buchklub\u00a0der Jugend<\/a><\/li>\n<li><a href=\"http:\/\/bmbf.gv.at\" target=\"_blank\">Bundesministerium f\u00fcr Bildung und Frauen<\/a><\/li>\n<li><a href=\"http:\/\/www.stadtschulrat.at\/\" target=\"_blank\">Stadtschulrat f\u00fcr Wien<\/a><\/li>\n<\/ul>\n<p><strong>Medienpartner:<\/strong><\/p>\n<p><a href=\"http:\/\/www.literadio.org\" target=\"_blank\"><img loading=\"lazy\" decoding=\"async\" class=\"alignnone\" src=\"http:\/\/literadio.org\/wp-content\/uploads\/2012\/02\/literadio_logo_color-300x80.jpg\" alt=\"logo literadio\" width=\"98\" height=\"29\" \/>\u00a0literadio<\/a>\u00a0Literatur zum H\u00f6ren und Nachh\u00f6ren<\/p>\n<p><a href=\"http:\/\/www.okto.tv\" target=\"_blank\"><img loading=\"lazy\" decoding=\"async\" class=\"alignnone\" src=\"http:\/\/okto.tv\/fxThemePlugin\/images\/logo_okto.gif\" alt=\"Okto TV logo\" width=\"41\" height=\"65\" \/>\u00a0OKTO TV<\/a>\u00a0&#8211; Community Fernsehen in Wien<\/p>\n","protected":false},"excerpt":{"rendered":"<p>Veranstalter: P\u00e4dagogische Hochschule Wien\/ Institut f. \u00fcbergreifende Bildungsschwerpunkte: Zentrum f\u00fcr Lerntechnologie und Innovation (ZLI) in Zusammenarbeit mit dem\u00a0Didaktikzentrum f\u00fcr Text- und Informationskompetenz (DiZeTIK) in Kooperation mit: \u00a0\u00a0 Mit Unterst\u00fctzung von: &nbsp; &nbsp; Freinetgruppe Wien Institut f\u00fcr Jugendliteratur Bibliotheksp\u00e4dagogisches Zentrum der &hellip; <a href=\"https:\/\/podcampus.phwien.ac.at\/textfetzt\/veranstalter-und-partner-2016\">Weiterlesen <span class=\"meta-nav\">&rarr;<\/span><\/a><\/p>\n","protected":false},"author":4,"featured_media":0,"parent":0,"menu_order":0,"comment_status":"closed","ping_status":"open","template":"","meta":{"footnotes":""},"class_list":["post-27","page","type-page","status-publish","hentry"],"acf":[],"_links":{"self":[{"href":"https:\/\/podcampus.phwien.ac.at\/textfetzt\/wp-json\/wp\/v2\/pages\/27","targetHints":{"allow":["GET"]}}],"collection":[{"href":"https:\/\/podcampus.phwien.ac.at\/textfetzt\/wp-json\/wp\/v2\/pages"}],"about":[{"href":"https:\/\/podcampus.phwien.ac.at\/textfetzt\/wp-json\/wp\/v2\/types\/page"}],"author":[{"embeddable":true,"href":"https:\/\/podcampus.phwien.ac.at\/textfetzt\/wp-json\/wp\/v2\/users\/4"}],"replies":[{"embeddable":true,"href":"https:\/\/podcampus.phwien.ac.at\/textfetzt\/wp-json\/wp\/v2\/comments?post=27"}],"version-history":[{"count":21,"href":"https:\/\/podcampus.phwien.ac.at\/textfetzt\/wp-json\/wp\/v2\/pages\/27\/revisions"}],"predecessor-version":[{"id":30,"href":"https:\/\/podcampus.phwien.ac.at\/textfetzt\/wp-json\/wp\/v2\/pages\/27\/revisions\/30"}],"wp:attachment":[{"href":"https:\/\/podcampus.phwien.ac.at\/textfetzt\/wp-json\/wp\/v2\/media?parent=27"}],"curies":[{"name":"wp","href":"https:\/\/api.w.org\/{rel}","templated":true}]}}