{"id":416,"date":"2017-01-04T15:09:01","date_gmt":"2017-01-04T15:09:01","guid":{"rendered":"http:\/\/podcampus.phwien.ac.at\/textfetzt\/?page_id=416"},"modified":"2017-03-31T10:01:43","modified_gmt":"2017-03-31T10:01:43","slug":"programm-text-fetzt-2017","status":"publish","type":"page","link":"https:\/\/podcampus.phwien.ac.at\/textfetzt\/text-fetzt-2017\/programm-text-fetzt-2017","title":{"rendered":"Programm &#8222;Text fetzt 2017&#8220;"},"content":{"rendered":"<p><img loading=\"lazy\" decoding=\"async\" class=\"alignleft wp-image-108\" src=\"http:\/\/podcampus.phwien.ac.at\/textfetzt\/files\/2015\/09\/LIT_Icon-300x300.png\" alt=\"LIT_Icon\" width=\"78\" height=\"78\" srcset=\"https:\/\/podcampus.phwien.ac.at\/textfetzt\/files\/2015\/09\/LIT_Icon-300x300.png 300w, https:\/\/podcampus.phwien.ac.at\/textfetzt\/files\/2015\/09\/LIT_Icon-150x150.png 150w, https:\/\/podcampus.phwien.ac.at\/textfetzt\/files\/2015\/09\/LIT_Icon.png 1000w\" sizes=\"auto, (max-width: 78px) 100vw, 78px\" \/><\/p>\n<p><strong>Literaturtag \u201eText fetzt!\u201c 6. April 2017 &#8211; Festsaal PH Wien<br \/>\n<\/strong>Schwerpunkte: Literaturprojekte im Unterricht, Comics, Grafic Novels, Kinder- und Jugendb\u00fccher<\/p>\n<p>&nbsp;<\/p>\n<p>Ab 10 Uhr <strong>\u00a0Lesungen und\u00a0B\u00fccherausstellung<\/strong><\/p>\n<blockquote><p>10 Uhr <strong><a href=\"http:\/\/www.picus.at\/autor\/christian-futscher\/\" target=\"_blank\">Christian Futscher<\/a> &#8211; <a href=\"http:\/\/www.picus.at\/produkt\/ich-habe-keinen-fogel\/\" target=\"_blank\">Ich habe keinen Fogel!<\/a><\/strong><br \/>\nLesung und B\u00fchnengespr\u00e4ch mit dem Autor<br \/>\nKlassenbesuch empfohlen f\u00fcr 1.+2. Schulstufe<br \/>\n<strong>-&gt; Anmeldung f\u00fcr Schulklassen ausgebucht<\/strong><\/p>\n<p>11 Uhr \u00a0<strong><a href=\"http:\/\/podcampus.phwien.ac.at\/textfetzt\/text-fetzt-2017\/rudolf-schuppler\" target=\"_blank\">Rudolf Schuppler<\/a>\u00a0\u2013\u00a0<a href=\"http:\/\/www.kral-verlag.at\/kralverlag\/index.php?option=com_content&amp;view=article&amp;id=821&amp;Itemid=3\">Weltgeschichte in Geschichten<\/a><\/strong><br \/>\nLesung und B\u00fchnengespr\u00e4ch mit dem Autor<br \/>\nKlassenbesuch empfohlen f\u00fcr 3.-6. Schulstufe<br \/>\n<strong>-&gt; Anmeldung f\u00fcr Schulklassen ausgebucht<\/strong><\/p>\n<p>12 Uhr\u00a0<strong><a href=\"http:\/\/www.julya-rabinowich.com\/Startseite.html\">Julya Rabinowich<\/a>\u00a0\u2013\u00a0<a href=\"https:\/\/www.hanser-literaturverlage.de\/buch\/dazwischen-ich\/978-3-446-25306-3\/\">Dazwischen: Ich<br \/>\n<\/a><\/strong>Lesung und B\u00fchnengespr\u00e4ch mit der Autorin<br \/>\nKlassenbesuch empfohlen ab der 7. Schulstufe<br \/>\n<strong>-&gt; Anmeldung f\u00fcr Schulklassen ausgebucht<\/strong><\/p><\/blockquote>\n<p>14:00 Uhr\u00a0<strong>Literatur auf der B\u00fchne<\/strong><\/p>\n<blockquote><p><strong>VR Wolfgang Greller: Begr\u00fc\u00dfung<br \/>\n<\/strong><strong>Gerhard Ruiss : Text fetzt!<br \/>\nFranz Lettner: <a href=\"http:\/\/www.1001buch.at\/\">1000 und 1 Buch<br \/>\n<\/a><\/strong><strong>Christian Berger: Projektvorstellungen<\/strong><\/p><\/blockquote>\n<p>14:30 Uhr\u00a0<strong>Text fetzt! \u2013\u00a0Messe \u00a0<\/strong>und<strong>\u00a0B\u00fccherausstellung<\/strong><\/p>\n<blockquote><p><strong>Projektpr\u00e4sentationen aus Schulen, Informationsst\u00e4nde, Interaktive Stationen und mehr\u00a0<\/strong><\/p>\n<p>Stationen rund um das Thema Buch, Literaturvermittlung und Textproduktion bieten BesucherInnen die M\u00f6glichkeit zur umfassenden Information, pers\u00f6nlichen Gespr\u00e4chen und regen zum Mitmachen an:\u00a0<a href=\"http:\/\/podcampus.phwien.ac.at\/textfetzt\/station-flarf-poetry-dada-2-0\" target=\"_blank\">Flarf Poetry<\/a>, <a href=\"http:\/\/podcampus.phwien.ac.at\/textfetzt\/?p=208\" target=\"_blank\">FO-TEX<\/a>,\u00a0\u00a0<a href=\"http:\/\/aufdraht.org\/2014\/11\/20\/die-neuen-hoer-koffer\/\">H\u00f6rkoffer<\/a>, <a href=\"http:\/\/podcampus.phwien.ac.at\/komm\/uberuns\/\" target=\"_blank\">KoMM<\/a>,\u00a0<a href=\"https:\/\/freinetgruppewien.wordpress.com\/2016\/12\/08\/dezember-stammtisch-einfache-buecher-herstellen\/\">Freinetgruppe Wien<\/a>, \u00a0 <a href=\"http:\/\/ortnergasse.webonaut.com\/m2\/kb\/\">Kleine B\u00fccher<\/a>, <a href=\"https:\/\/freinetgruppewien.wordpress.com\/2016\/12\/08\/dezember-stammtisch-einfache-buecher-herstellen\/\" target=\"_blank\">Kleine Hefte<\/a>,\u00a0<a href=\"https:\/\/www.pictopia.at\/\">Pictopia Comics<\/a>, <a href=\"http:\/\/www.geckoart.at\/\">gecko art<\/a>, <a href=\"http:\/\/www.schulhausroman.at\/\" target=\"_blank\">Schulhausroman<\/a>, <a href=\"http:\/\/podcampus.phwien.ac.at\/textfetzt\/archives\/457\" target=\"_blank\">Digital Malen<\/a>, Leseanimation und Bilderb\u00fccher,<br \/>\n<a href=\"http:\/\/www.lesenundverstehen.at\/\" target=\"_blank\">SSR Wien<\/a>, <a href=\"https:\/\/www.buchklub.at\/\">\u00d6sterreichischer Buchklub<\/a><a href=\"http:\/\/www.buchklub.at\" target=\"_blank\">,<\/a>\u00a0<a href=\"http:\/\/www.buchzeit.at\/\">Buch.Zeit<\/a>,\u00a0<a href=\"http:\/\/www.bpz.buechereien.wien.at\/\" target=\"_blank\">Bibliotheksp\u00e4dagogisches Zentrum Wien<\/a>,\u00a0<a href=\"http:\/\/www.literaturhaus.at\/index.php?id=6541\">IG Autorinnen|Autoren<\/a>,\u00a0<a href=\"http:\/\/www.kulturkontakt.or.at\/\">KulturKontakt Austria<\/a><br \/>\nFolgende Verlage stellen Neuerscheinungen vor:<br \/>\n<a href=\"https:\/\/www.papperlapapp.co.at\/\" target=\"_blank\">Papperlapapp<\/a>\u00a0&#8211; <a href=\"http:\/\/www.edition-tandem.at\/\" target=\"_blank\">Edition Tandem<\/a> &#8211; <a href=\"http:\/\/www.jungbrunnen.co.at\/\" target=\"_blank\">Jungbrunnen<\/a> &#8211; <a href=\"http:\/\/www.tyroliaverlag.at\/home\" target=\"_blank\">Tyrolia<\/a> &#8211; <a href=\"http:\/\/www.ueberreuter.de\/\" target=\"_blank\">Ueberreuter<\/a> &#8211; <a href=\"http:\/\/www.ggverlag.at\/\" target=\"_blank\">G&amp;G<\/a> &#8211; <a href=\"http:\/\/www.ggverlag.at\/produkt-kategorie\/nilpferd\/\" target=\"_blank\">Nilpferd<\/a> &#8211; <a href=\"http:\/\/www.kral-verlag.at\/kralverlag\/index.php?option=com_content&amp;view=article&amp;id=127&amp;Itemid=11\" target=\"_blank\">Kral<\/a> &#8211; <a href=\"http:\/\/www.nord-sued.com\/home\/index.asp\" target=\"_blank\">NordS\u00fcd<\/a>\u00a0&#8211; <a href=\"http:\/\/www.drava.at\/buch\/noch-sind-wir-im-krieg\/\" target=\"_blank\">Drava<\/a> &#8211; <a href=\"http:\/\/www.edition-av.de\/\" target=\"_blank\">Edition AV<\/a><\/p><\/blockquote>\n<p>16:00 Uhr Parallele <strong>Vertiefungen<\/strong> (Workshops, Diskussionen, Pr\u00e4sentationen)<\/p>\n<ul>\n<li><strong>Von der Skizze zur Grafik \u2013 mit dem Kinderbuchillustrator\u00a0<a href=\"http:\/\/podcampus.phwien.ac.at\/textfetzt\/text-fetzt-2017\/rudolf-schuppler\" target=\"_blank\">Rudolf Schuppler<\/a>,<\/strong><\/li>\n<li><strong>Poetry Slam Workshop mit\u00a0<\/strong><strong><a href=\"http:\/\/miezemedusa.com\/\">mieze medusa<\/a>, Slamerin, Rapperin und Moderatorin des <a href=\"http:\/\/podcampus.phwien.ac.at\/textfetzt\/schulslam\" target=\"_blank\">Schul-Poetry-Slams<\/a><\/strong><\/li>\n<li><strong>Einblicke in die Comics Szene mit\u00a0<a href=\"https:\/\/www.pictopia.at\/comic-szene\/szene-news\">\u00a0Sebastian Browska<\/a>\u00a0(<a href=\"https:\/\/www.pictopia.at\/\">Pictopia Comics<\/a>)<\/strong><\/li>\n<li><strong>Digital Malen mit kostenlosen Programmen<\/strong> &#8211; <a href=\"http:\/\/podcampus.phwien.ac.at\/textfetzt\/archives\/457\" target=\"_blank\"><strong>Christoph Kaindel<\/strong><\/a><\/li>\n<li><strong>Literatur in der Klasse \u2013 Hilfe zum Anfassen<\/strong><em>\u00a0<\/em><strong>mit dem Autor\u00a0<a href=\"https:\/\/de.wikipedia.org\/wiki\/Gerhard_Ruiss\">Gerhard Ruiss<\/a><\/strong><em>\u00a0<\/em><\/li>\n<li><strong>Mehrsprachigkeit meets Literaturperformance<\/strong> mit\u00a0<strong><a href=\"http:\/\/www.geckoart.at\/\">gecko art<\/a><\/strong><\/li>\n<li><strong>PapierBuchWerkstatt<\/strong>\u00a0mit <strong><a href=\"https:\/\/freinetgruppewien.wordpress.com\/2016\/12\/08\/dezember-stammtisch-einfache-buecher-herstellen\/\" target=\"_blank\">Dagmar Sch\u00f6berl<\/a><\/strong><\/li>\n<\/ul>\n<p>17:30 <strong>Buffet<\/strong><\/p>\n<p>18:00 Uhr <strong>2. Wiener Schul Poetry Slam<br \/>\n<\/strong><a href=\"http:\/\/podcampus.phwien.ac.at\/textfetzt\/schulslam\"><img loading=\"lazy\" decoding=\"async\" class=\"alignleft wp-image-109 thinglinkFiltered\" src=\"http:\/\/podcampus.phwien.ac.at\/textfetzt\/files\/2015\/09\/PS_Icon-300x300.png\" sizes=\"auto, (max-width: 124px) 100vw, 124px\" srcset=\"http:\/\/podcampus.phwien.ac.at\/textfetzt\/files\/2015\/09\/PS_Icon-300x300.png 300w, http:\/\/podcampus.phwien.ac.at\/textfetzt\/files\/2015\/09\/PS_Icon-150x150.png 150w, http:\/\/podcampus.phwien.ac.at\/textfetzt\/files\/2015\/09\/PS_Icon.png 1000w\" alt=\"PS_Icon\" width=\"124\" height=\"124\" \/><\/a>\u2013 der Wettstreit der jungen DichterInnen<br \/>\nModeration: <a href=\"http:\/\/miezemedusa.com\/\">mieze medusa<\/a><\/p>\n<p><a href=\"http:\/\/podcampus.phwien.ac.at\/textfetzt\/schulslam\" target=\"_blank\">-&gt; Mehr \u00fcber den Schul Poetry Slam<\/a><\/p>\n<p><a href=\"http:\/\/podcampus.phwien.ac.at\/textfetzt\/schulslam\/anmeldung\" target=\"_blank\">-&gt; Anmeldung zur Teilnahme am Poetry Slam<\/a><\/p>\n","protected":false},"excerpt":{"rendered":"<p>Literaturtag \u201eText fetzt!\u201c 6. April 2017 &#8211; Festsaal PH Wien Schwerpunkte: Literaturprojekte im Unterricht, Comics, Grafic Novels, Kinder- und Jugendb\u00fccher &nbsp; Ab 10 Uhr \u00a0Lesungen und\u00a0B\u00fccherausstellung 10 Uhr Christian Futscher &#8211; Ich habe keinen Fogel! Lesung und B\u00fchnengespr\u00e4ch mit dem &hellip; <a href=\"https:\/\/podcampus.phwien.ac.at\/textfetzt\/text-fetzt-2017\/programm-text-fetzt-2017\">Weiterlesen <span class=\"meta-nav\">&rarr;<\/span><\/a><\/p>\n","protected":false},"author":4,"featured_media":0,"parent":328,"menu_order":0,"comment_status":"closed","ping_status":"closed","template":"","meta":{"footnotes":""},"class_list":["post-416","page","type-page","status-publish","hentry"],"acf":[],"_links":{"self":[{"href":"https:\/\/podcampus.phwien.ac.at\/textfetzt\/wp-json\/wp\/v2\/pages\/416","targetHints":{"allow":["GET"]}}],"collection":[{"href":"https:\/\/podcampus.phwien.ac.at\/textfetzt\/wp-json\/wp\/v2\/pages"}],"about":[{"href":"https:\/\/podcampus.phwien.ac.at\/textfetzt\/wp-json\/wp\/v2\/types\/page"}],"author":[{"embeddable":true,"href":"https:\/\/podcampus.phwien.ac.at\/textfetzt\/wp-json\/wp\/v2\/users\/4"}],"replies":[{"embeddable":true,"href":"https:\/\/podcampus.phwien.ac.at\/textfetzt\/wp-json\/wp\/v2\/comments?post=416"}],"version-history":[{"count":24,"href":"https:\/\/podcampus.phwien.ac.at\/textfetzt\/wp-json\/wp\/v2\/pages\/416\/revisions"}],"predecessor-version":[{"id":461,"href":"https:\/\/podcampus.phwien.ac.at\/textfetzt\/wp-json\/wp\/v2\/pages\/416\/revisions\/461"}],"up":[{"embeddable":true,"href":"https:\/\/podcampus.phwien.ac.at\/textfetzt\/wp-json\/wp\/v2\/pages\/328"}],"wp:attachment":[{"href":"https:\/\/podcampus.phwien.ac.at\/textfetzt\/wp-json\/wp\/v2\/media?parent=416"}],"curies":[{"name":"wp","href":"https:\/\/api.w.org\/{rel}","templated":true}]}}